{"id":390,"date":"2016-01-07T05:57:45","date_gmt":"2016-01-07T05:57:45","guid":{"rendered":"http:\/\/consultall.stm\/?page_id=390"},"modified":"2016-01-07T05:57:45","modified_gmt":"2016-01-07T05:57:45","slug":"our-partners","status":"publish","type":"page","link":"https:\/\/ttlgarment.com\/vi\/company-overview\/our-partners\/","title":{"rendered":"Our partners"},"content":{"rendered":"<section class=\"wpb-content-wrapper\"><div class=\"vc_row wpb_row vc_row-fluid vc_custom_1459506306543\"><div class=\"wpb_column vc_column_container vc_col-sm-9\"><div class=\"vc_column-inner \"><div class=\"wpb_wrapper\"><div class=\"vc_row wpb_row vc_inner vc_row-fluid vc_custom_1452152300724\"><div class=\"wpb_column vc_column_container vc_col-sm-12\"><div class=\"vc_column-inner\"><div class=\"wpb_wrapper\"><div class=\"stm_partner vc_custom_1519825073086 style_2\">\n            <div class=\"image\">\n            <img loading=\"lazy\" decoding=\"async\" width=\"350\" height=\"204\" src=\"https:\/\/ttlgarment.com\/wp-content\/uploads\/2016\/06\/placeholder-350x204.gif\" class=\"attachment-consulting-image-350x204-croped\" alt=\"placeholder\" title=\"placeholder\" \/>        <\/div>\n        <div class=\"stm_partner_content\">\n                                                                        <h4 class=\"no_stripe\"><a href=\"#\" target=\"_self\">Aramiz Company<\/a><\/h4>\n                                                        <div class=\"position\">\n                Athletic Performance Tracking Devices<br \/>\nEscondido, CA\n            <\/div>\n                            <div class=\"description\">We aren\u2019t such an agile and dependable organization just because of our own team; we also have a fantastic network of partners who compliment our services and allow us to work harder, better, faster, and stronger.<\/div>\n                    <\/div>\n<\/div><div class=\"stm_partner vc_custom_1519825087038 style_2\">\n            <div class=\"image\">\n            <img loading=\"lazy\" decoding=\"async\" width=\"350\" height=\"204\" src=\"https:\/\/ttlgarment.com\/wp-content\/uploads\/2016\/06\/placeholder-350x204.gif\" class=\"attachment-consulting-image-350x204-croped\" alt=\"placeholder\" title=\"placeholder\" \/>        <\/div>\n        <div class=\"stm_partner_content\">\n                                                                        <h4 class=\"no_stripe\"><a href=\"#\" target=\"_self\">Adup Media LLC<\/a><\/h4>\n                                                        <div class=\"position\">\n                Media &amp; Marketing Consulting<br \/>\nWalnut Creek, CA\n            <\/div>\n                            <div class=\"description\">Our partners are the top companies in their own respective industries, and are known to deliver high quality services and products. Our partners help us deliver unparalleled services to our clients. The reality is that no company can survive by its own in the age of information technology.<\/div>\n                    <\/div>\n<\/div><div class=\"stm_partner vc_custom_1519825110075 style_2\">\n            <div class=\"image\">\n            <img loading=\"lazy\" decoding=\"async\" width=\"350\" height=\"204\" src=\"https:\/\/ttlgarment.com\/wp-content\/uploads\/2016\/06\/placeholder-350x204.gif\" class=\"attachment-consulting-image-350x204-croped\" alt=\"placeholder\" title=\"placeholder\" \/>        <\/div>\n        <div class=\"stm_partner_content\">\n                                                                        <h4 class=\"no_stripe\"><a href=\"#\" target=\"_self\">Green Shield<\/a><\/h4>\n                                                        <div class=\"position\">\n                Heart Transplant Monitoring Technology<br \/>\nCharlotte, NC\n            <\/div>\n                            <div class=\"description\">Strategic partnerships allow companies to expand and specialize without limitations. Instead of spending a lot of money and time perfecting a new thing, we prefer to perfect our own services and call in the experts for other tasks when needed. We are the best financial consultants for our clients.<\/div>\n                    <\/div>\n<\/div><div class=\"stm_partner vc_custom_1519825124228 style_2\">\n            <div class=\"image\">\n            <img loading=\"lazy\" decoding=\"async\" width=\"350\" height=\"204\" src=\"https:\/\/ttlgarment.com\/wp-content\/uploads\/2016\/06\/placeholder-350x204.gif\" class=\"attachment-consulting-image-350x204-croped\" alt=\"placeholder\" title=\"placeholder\" \/>        <\/div>\n        <div class=\"stm_partner_content\">\n                                                                        <h4 class=\"no_stripe\"><a href=\"#\" target=\"_self\">Primo Software<\/a><\/h4>\n                                                        <div class=\"position\">\n                Software Development<br \/>\nManitowoc, WI\n            <\/div>\n                            <div class=\"description\">Our customers trust us so much that they often come to us with problems beyond the scope of financial consultancy. Since they know that we have their best business interests at heart they want us to help them with such problems.<\/div>\n                    <\/div>\n<\/div><\/div><\/div><\/div><\/div><\/div><\/div><\/div><div class=\"wpb_column vc_column_container vc_col-sm-3\"><div class=\"vc_column-inner \"><div class=\"wpb_wrapper\">\n<div class=\"stm_sidebar\">\n\n            <style type=\"text\/css\" scoped>\n            .vc_custom_1451998133493{margin-bottom: 30px !important;}.vc_custom_1452056597103{margin-right: 0px !important;margin-bottom: 30px !important;margin-left: 0px !important;}.vc_custom_1452056633692{padding-top: 37px !important;padding-right: 30px !important;padding-bottom: 40px !important;padding-left: 30px !important;}.vc_custom_1663260943205{margin-bottom: 9px !important;}.vc_custom_1663260590108{margin-bottom: 17px !important;}.vc_custom_1663261221678{border-top-width: 2px !important;border-right-width: 2px !important;border-bottom-width: 2px !important;border-left-width: 2px !important;border-left-color: #097055 !important;border-left-style: solid !important;border-right-color: #097055 !important;border-right-style: solid !important;border-top-color: #097055 !important;border-top-style: solid !important;border-bottom-color: #097055 !important;border-bottom-style: solid !important;}        <\/style>\n        <section class=\"wpb-content-wrapper\"><div class=\"vc_row wpb_row vc_row-fluid vc_custom_1451998133493\"><div class=\"wpb_column vc_column_container vc_col-sm-12\"><div class=\"vc_column-inner \"><div class=\"wpb_wrapper\"><div class=\"vc_wp_custommenu wpb_content_element mb-30\"><\/div><\/div><\/div><\/div><\/div><div class=\"vc_row wpb_row vc_row-fluid third_bg_color vc_custom_1452056597103\"><div class=\"wpb_column vc_column_container vc_col-sm-12\"><div class=\"vc_column-inner vc_custom_1452056633692\"><div class=\"wpb_wrapper\"><div class=\"vc_custom_heading vc_custom_1663260943205 text_align_left\" ><div style=\"font-size: 16px;color: #222222;text-align: left;font-weight:700\" class=\"consulting-custom-title\">H\u1ee3p t\u00e1c c\u00f9ng ph\u00e1t tri\u1ec3n!<\/div><\/div>\n\t<div class=\"wpb_text_column wpb_content_element  vc_custom_1663260590108\" >\n\t\t<div class=\"wpb_wrapper\">\n\t\t\t<p><span style=\"font-size: 13px; line-height: 22px; color: #222222;\">Ch\u00fang t\u00f4i t\u1ef1 tin l\u00e0 nh\u00e0 s\u1ea3n xu\u1ea5t uy t\u00edn, mang l\u1ea1i gi\u00e1 tr\u1ecb \u0111a cho qu\u00fd kh\u00e1ch h\u00e0ng.<\/span><\/p>\n\n\t\t<\/div>\n\t<\/div>\n<div class=\"vc_btn3-container vc_btn3-inline vc_custom_1663261221678\" ><button class=\"vc_general vc_btn3 vc_btn3-size-sm vc_btn3-shape-rounded vc_btn3-style-flat vc_btn3-icon-left vc_btn3-color-theme_style_3\"><i class=\"vc_btn3-icon stm-right-arrow\"><\/i> Li\u00ean h\u1ec7<\/button><\/div><\/div><\/div><\/div><\/div><div class=\"vc_row wpb_row vc_row-fluid\"><div class=\"wpb_column vc_column_container vc_col-sm-12\"><div class=\"vc_column-inner \"><div class=\"wpb_wrapper\">\n\n\t\t\t<div class=\"stm_testimonials cols_1 style_1\">\n\t\t\t\t\t\t\t<div class=\"item\">\n\t\t\t\t\t<div class=\"testimonial\"><p>&#8220;S\u1ef1 h\u00e0i l\u00f2ng c\u1ee7a kh\u00e1ch h\u00e0ng l\u00e0 m\u1ee5c ti\u00eau, l\u00e0 th\u01b0\u1edbc \u0111o cho s\u1ef1 th\u00e0nh c\u00f4ng c\u1ee7a c\u00f4ng ty ch\u00fang t\u00f4i.&#8221;<\/p>\n<\/div>\n\t\t\t\t\t<div class=\"testimonial-info clearfix\">\n\t\t\t\t\t\t<div class=\"testimonial-image\"><img loading=\"lazy\" decoding=\"async\" width=\"50\" height=\"50\" src=\"https:\/\/ttlgarment.com\/wp-content\/uploads\/2016\/06\/placeholder-50x50.gif\" class=\"attachment-consulting-image-50x50-croped size-consulting-image-50x50-croped wp-post-image\" alt=\"placeholder\" srcset=\"https:\/\/ttlgarment.com\/wp-content\/uploads\/2016\/06\/placeholder-50x50.gif 50w, https:\/\/ttlgarment.com\/wp-content\/uploads\/2016\/06\/placeholder-300x300.gif 300w, https:\/\/ttlgarment.com\/wp-content\/uploads\/2016\/06\/placeholder-100x100.gif 100w, https:\/\/ttlgarment.com\/wp-content\/uploads\/2016\/06\/placeholder-150x150.gif 150w, https:\/\/ttlgarment.com\/wp-content\/uploads\/2016\/06\/placeholder-320x320.gif 320w\" sizes=\"auto, (max-width: 50px) 100vw, 50px\" \/><\/div>\n\t\t\t\t\t\t<div class=\"testimonial-text\">\n\t\t\t\t\t\t\t<div class=\"name\">Nguy\u1ec5n Thanh Long<\/div>\n\t\t\t\t\t\t\t<div class=\"company\">\n\t\t\t\t\t\t\tFounder &amp; CEO, TT&amp;L\t\t\t\t\t\t\t<\/div>\n\t\t\t\t\t\t<\/div>\n\t\t\t\t\t<\/div>\n\t\t\t\t<\/div>\n\t\t\t\t\t<\/div>\n\t\n\t<\/div><\/div><\/div><\/div>\n<\/section>    \n<\/div><\/div><\/div><\/div><\/div><div data-vc-full-width=\"true\" data-vc-full-width-init=\"false\" class=\"vc_row wpb_row vc_row-fluid third_bg_color vc_custom_1459505959648\"><div class=\"wpb_column vc_column_container vc_col-sm-12\"><div class=\"vc_column-inner \"><div class=\"wpb_wrapper\">\n<section class=\"vc_cta3-container\" >\n    <div class=\"vc_general vc_cta3 third_bg_color vc_cta3-style-flat vc_cta3-shape-square vc_cta3-align-left vc_cta3-color-classic vc_cta3-icon-size-md vc_cta3-actions-right vc_custom_1459505851233 style=\"\"\">\n                        <div class=\"vc_cta3_content-container\">\n                                    <div class=\"vc_cta3-content\">\n                <header class=\"vc_cta3-content-header\">\n                    <div class=\"vc_custom_heading\" ><h2 style=\"font-size: 20px;color: #ffffff;line-height: 24px\" class=\"consulting-custom-title\">Looking for a First-Class Business Plan Consultant?<\/h2><\/div>                                    <\/header>\n                            <\/div>\n                        <div class=\"vc_cta3-actions\"><div class=\"vc_btn3-container vc_btn3-right\" ><a class=\"vc_general vc_btn3 vc_btn3-size-md vc_btn3-shape-rounded vc_btn3-style-flat vc_btn3-icon-right vc_btn3-color-theme_style_2\" href=\"#\" title=\"\">get a quote <i class=\"vc_btn3-icon fa fa-chevron-right\"><\/i><\/a><\/div><\/div>        <\/div>\n                    <\/div>\n<\/section><\/div><\/div><\/div><\/div><div class=\"vc_row-full-width vc_clearfix\"><\/div>\n<\/section>","protected":false},"excerpt":{"rendered":"","protected":false},"author":1,"featured_media":0,"parent":9,"menu_order":0,"comment_status":"closed","ping_status":"closed","template":"","meta":{"_themeisle_gutenberg_block_has_review":false,"footnotes":""},"class_list":["post-390","page","type-page","status-publish","hentry"],"_links":{"self":[{"href":"https:\/\/ttlgarment.com\/vi\/wp-json\/wp\/v2\/pages\/390","targetHints":{"allow":["GET"]}}],"collection":[{"href":"https:\/\/ttlgarment.com\/vi\/wp-json\/wp\/v2\/pages"}],"about":[{"href":"https:\/\/ttlgarment.com\/vi\/wp-json\/wp\/v2\/types\/page"}],"author":[{"embeddable":true,"href":"https:\/\/ttlgarment.com\/vi\/wp-json\/wp\/v2\/users\/1"}],"replies":[{"embeddable":true,"href":"https:\/\/ttlgarment.com\/vi\/wp-json\/wp\/v2\/comments?post=390"}],"version-history":[{"count":0,"href":"https:\/\/ttlgarment.com\/vi\/wp-json\/wp\/v2\/pages\/390\/revisions"}],"up":[{"embeddable":true,"href":"https:\/\/ttlgarment.com\/vi\/wp-json\/wp\/v2\/pages\/9"}],"wp:attachment":[{"href":"https:\/\/ttlgarment.com\/vi\/wp-json\/wp\/v2\/media?parent=390"}],"curies":[{"name":"wp","href":"https:\/\/api.w.org\/{rel}","templated":true}]}}