{"id":377,"date":"2016-01-07T04:23:21","date_gmt":"2016-01-06T21:23:21","guid":{"rendered":"http:\/\/consultall.stm\/?page_id=377"},"modified":"2022-12-13T18:28:30","modified_gmt":"2022-12-13T11:28:30","slug":"company-history","status":"publish","type":"page","link":"https:\/\/ttlgarment.com\/vi\/company-overview\/company-history\/","title":{"rendered":"L\u1ecbch s\u1eed c\u00f4ng ty"},"content":{"rendered":"<section class=\"wpb-content-wrapper\"><div class=\"vc_row wpb_row vc_row-fluid vc_custom_1459505865030\"><div class=\"wpb_column vc_column_container vc_col-sm-9\"><div class=\"vc_column-inner \"><div class=\"wpb_wrapper\">\n\t<div  class=\"wpb_single_image wpb_content_element vc_align_left  vc_custom_1670931013592\">\n\t\t\n\t\t<figure class=\"wpb_wrapper vc_figure\">\n\t\t\t<div class=\"vc_single_image-wrapper   vc_box_border_grey\"><img loading=\"lazy\" decoding=\"async\" width=\"2560\" height=\"1472\" src=\"https:\/\/ttlgarment.com\/wp-content\/uploads\/2019\/09\/20221213_092857_sl1_c5-scaled.jpg\" class=\"vc_single_image-img attachment-full\" alt=\"\" title=\"20221213_092857_sl1_c5\" srcset=\"https:\/\/ttlgarment.com\/wp-content\/uploads\/2019\/09\/20221213_092857_sl1_c5-scaled.jpg 2560w, https:\/\/ttlgarment.com\/wp-content\/uploads\/2019\/09\/20221213_092857_sl1_c5-300x173.jpg 300w, https:\/\/ttlgarment.com\/wp-content\/uploads\/2019\/09\/20221213_092857_sl1_c5-1024x589.jpg 1024w, https:\/\/ttlgarment.com\/wp-content\/uploads\/2019\/09\/20221213_092857_sl1_c5-768x442.jpg 768w, https:\/\/ttlgarment.com\/wp-content\/uploads\/2019\/09\/20221213_092857_sl1_c5-1536x883.jpg 1536w, https:\/\/ttlgarment.com\/wp-content\/uploads\/2019\/09\/20221213_092857_sl1_c5-2048x1178.jpg 2048w, https:\/\/ttlgarment.com\/wp-content\/uploads\/2019\/09\/20221213_092857_sl1_c5-18x10.jpg 18w, https:\/\/ttlgarment.com\/wp-content\/uploads\/2019\/09\/20221213_092857_sl1_c5-900x518.jpg 900w, https:\/\/ttlgarment.com\/wp-content\/uploads\/2019\/09\/20221213_092857_sl1_c5-600x345.jpg 600w\" sizes=\"auto, (max-width: 2560px) 100vw, 2560px\" \/><\/div>\n\t\t<\/figure>\n\t<\/div>\n\n\t<div class=\"wpb_text_column wpb_content_element  vc_custom_1669966665226\" >\n\t\t<div class=\"wpb_wrapper\">\n\t\t\t<h2 style=\"text-align: justify;\">L\u1ecbch s\u1eed c\u00f4ng ty<\/h2>\n<p style=\"text-align: justify;\"><strong>H\u01a1n 20 n\u0103m ho\u1ea1t \u0111\u1ed9ng s\u1ea3n xu\u1ea5t kinh doanh v\u1edbi nhi\u1ec1u th\u0103ng tr\u1ea7m v\u00e0 th\u1eed th\u00e1ch, \u0111\u1ebfn nay TT&amp;L \u0111\u00e3 l\u1edbn m\u1ea1nh v\u00e0 ph\u00e1t tri\u1ec3n c\u00f9ng \u0111\u1ea5t n\u01b0\u1edbc, tr\u1edf th\u00e0nh th\u01b0\u01a1ng hi\u1ec7u uy t\u00edn, tin c\u1eady v\u00e0 quen thu\u1ed9c v\u1edbi nhi\u1ec1u kh\u00e1ch h\u00e0ng tr\u00ean th\u1ebf gi\u1edbi. Ch\u00fang t\u00f4i r\u1ea5t vui v\u00e0 t\u1ef1 h\u00e0o \u0111\u1ea1t danh hi\u1ec7u \u201cH\u00e0ng Vi\u1ec7t Nam ch\u1ea5t l\u01b0\u1ee3ng cao ph\u00f9 h\u1ee3p ti\u00eau chu\u1ea9n\u201d trong l\u0129nh v\u1ef1c n\u00f3n \u2013 m\u0169.<\/strong><\/p>\n<p style=\"text-align: justify;\">T\u00f4i t\u00ean Nguy\u1ec5n Th\u00e0nh Long, t\u00f4i \u0111\u00e3 th\u00e0nh l\u1eadp C\u00f4ng ty TNHH TT&amp;L ti\u1ec1n th\u00e2n t\u1eeb c\u00f4ng ty TNHH May Th\u00eau Long V\u00e2n v\u00e0o n\u0103m 2003 sau khi t\u00f4i t\u1ed1t nghi\u1ec7p v\u00e0 ra tr\u01b0\u1eddng. V\u1edbi t\u00e2m ni\u1ec7m \u201c\u0110\u1ed5i m\u1edbi v\u00ec s\u1ee9 m\u1ec7nh t\u1ed3n t\u1ea1i v\u00e0 ph\u00e1t tri\u1ec3n c\u1ee7a c\u00f4ng ty\u201d, TT&amp;L kh\u00f4ng ng\u1eebng \u0111\u1ed5i m\u1edbi m\u00e1y m\u00f3c, trang thi\u1ebft b\u1ecb hi\u1ec7n \u0111\u1ea1i, quan t\u00e2m x\u00e2y d\u1ef1ng chi\u1ebfn l\u01b0\u1ee3c \u0111\u1ea7u t\u01b0 l\u00e2u d\u00e0i b\u1ec1n v\u1eefng v\u00e0o con ng\u01b0\u1eddi, n\u00e2ng cao nh\u1eadn th\u1ee9c v\u00e0 k\u1ef9 n\u0103ng cho to\u00e0n th\u1ec3 nh\u00e2n vi\u00ean c\u00f4ng ty. TT&amp;L \u0111\u00e1p \u1ee9ng m\u1ecdi nhu c\u1ea7u kh\u1eaft khe c\u1ee7a c\u00e1c nh\u00e0 nh\u1eadp kh\u1ea9u \u1edf nhi\u1ec1u n\u01a1i tr\u00ean th\u1ebf gi\u1edbi nh\u01b0 M\u1ef9, Canada, \u0110\u1ee9c, Ph\u00e1p, T\u00e2y Ban Nha, Italy, H\u00e0 Lan, Ph\u1ea7n Lan, Thu\u1ef5 \u0110i\u1ec3n, C\u1ed9ng Ho\u00e0 S\u00e9c, Nh\u1eadt B\u1ea3n, Singapore, \u00dac, New Zealand,&#8230;.<\/p>\n<p style=\"text-align: justify;\">T\u1eeb nh\u1eefng n\u0103m \u0111\u1ea7u th\u00e0nh l\u1eadp v\u1edbi ng\u00e0nh th\u00eau ren, ch\u00fang t\u00f4i \u0111\u00e3 ph\u00e1t tri\u1ec3n d\u1ea7n v\u00e0 \u0111\u1ebfn n\u0103m 2005, ch\u00fang t\u00f4i chuy\u00ean s\u1ea3n xu\u1ea5t c\u00e1c lo\u1ea1i m\u0169 n\u00f3n th\u1eddi trang v\u00e0 ch\u1ea5t l\u01b0\u1ee3ng cao t\u1ea1i Vi\u1ec7t Nam nh\u01b0 N\u00f3n k\u1ebft, N\u00f3n V\u00e0nh, N\u00f3n Len, N\u00f3n Th\u1ec3 Thao, \u00c1o thun, \u2026 v\u1edbi nh\u1eefng thi\u1ebft k\u1ebf nh\u01b0 th\u00eau vi t\u00ednh, in, in chuy\u1ec3n, in th\u0103ng hoa, in 3D, wash, wash \u0111\u00e1, wash axit, wash nhu\u1ed9m m\u00e0u, \u2026<\/p>\n<p style=\"text-align: justify;\">Ch\u00fang t\u00f4i \u0111\u00e3 \u0111\u1ea1t \u0111\u01b0\u1ee3c nh\u1eefng th\u00e0nh t\u1ef1u tr\u00ean con \u0111\u01b0\u1eddng ph\u00e1t tri\u1ec3n c\u1ee7a m\u00ecnh nh\u01b0:<\/p>\n\n\t\t<\/div>\n\t<\/div>\n\n<div class=\"company_history\">\n            <ul>\n            <li>\n\t<div class=\"year\">2013<\/div>\n\t<div class=\"sep\"><\/div>\n\t<div class=\"company_history_text\">\n\t\t<h4 class=\"no_stripe\"><\/h4>\n\t\t<p><strong>\u0110\u1ea1t doanh thu xu\u1ea5t kh\u1ea9u 1 tri\u1ec7u USD.<\/strong><\/p>\n\t<\/div>\n<\/li><li>\n\t<div class=\"year\">2018<\/div>\n\t<div class=\"sep\"><\/div>\n\t<div class=\"company_history_text\">\n\t\t<h4 class=\"no_stripe\"><\/h4>\n\t\t<p><strong>\u0110\u1ea1t kim ng\u1ea1ch xu\u1ea5t kh\u1ea9u 2 tri\u1ec7u USD.<\/strong><\/p>\n\t<\/div>\n<\/li><li>\n\t<div class=\"year\">2021<\/div>\n\t<div class=\"sep\"><\/div>\n\t<div class=\"company_history_text\">\n\t\t<h4 class=\"no_stripe\"><\/h4>\n\t\t<p><strong>\u0110\u1ea1t kim ng\u1ea1ch xu\u1ea5t kh\u1ea9u 3 tri\u1ec7u USD.<\/strong><\/p>\n\t<\/div>\n<\/li>        <\/ul>\n    <\/div>\n\t<div class=\"wpb_text_column wpb_content_element  vc_custom_1669967216056\" >\n\t\t<div class=\"wpb_wrapper\">\n\t\t\t<p style=\"text-align: justify;\">Ngo\u00e0i ra, TT&amp;L g\u1ea7n trung t\u00e2m S\u00e0i G\u00f2n, g\u1ea7n s\u00e2n bay v\u00e0 c\u1ea3ng bi\u1ec3n n\u00ean giao th\u00f4ng \u0111\u01b0\u1eddng bi\u1ec3n v\u00e0 \u0111\u01b0\u1eddng h\u00e0ng kh\u00f4ng r\u1ea5t thu\u1eadn l\u1ee3i v\u00e0 nhanh ch\u00f3ng.<\/p>\n<p style=\"text-align: justify;\">C\u00f4ng ty TNHH \u00a0May Th\u00eau TT&amp;L n\u1eb1m c\u00e1ch trung t\u00e2m th\u00e0nh ph\u1ed1 H\u1ed3 Ch\u00ed Minh kho\u1ea3ng 15km v\u00e0 c\u00e1ch s\u00e2n bay T\u00e2n S\u01a1n Nh\u1ea5t 10 km n\u00ean d\u1ec5 d\u00e0ng \u0111\u00f3n r\u01b0\u1edbc qu\u00fd kh\u00e1ch h\u00e0ng t\u1eeb trung t\u00e2m th\u00e0nh ph\u1ed1 H\u1ed3 Ch\u00ed Minh c\u0169ng nh\u01b0 c\u00e1c n\u01b0\u1edbc \u0111\u1ebfn th\u0103m, tham quan x\u01b0\u1edfng s\u1ea3n xu\u1ea5t.<\/p>\n<p style=\"text-align: justify;\">\u0110\u1ebfn v\u1edbi C\u00f4ng Ty TNHH May Th\u00eau TT&amp;L, qu\u00fd kh\u00e1ch h\u00e0ng ho\u00e0n to\u00e0n c\u00f3 th\u1ec3 y\u00ean t\u00e2m v\u1ec1 ch\u1ea5t l\u01b0\u1ee3ng, m\u1eabu m\u00e3 c\u0169ng nh\u01b0 gi\u00e1 c\u1ea3. N\u01a1i \u0111\u00e2y th\u1ef1c s\u1ef1 kh\u00f4ng ch\u1ec9 l\u00e0 \u0111\u1ecba ch\u1ec9 tin c\u1eady c\u1ee7a kh\u00e1ch h\u00e0ng trong n\u01b0\u1edbc m\u00e0 c\u00f2n \u0111\u01b0\u1ee3c kh\u1eb3ng \u0111\u1ecbnh l\u00e0 doanh nghi\u1ec7p s\u1ea3n xu\u1ea5t m\u0169 l\u01b0\u1ee1i trai uy t\u00edn, ch\u1ea5t l\u01b0\u1ee3ng h\u00e0ng \u0111\u1ea7u Vi\u1ec7t Nam.<\/p>\n\n\t\t<\/div>\n\t<\/div>\n<\/div><\/div><\/div><div class=\"wpb_column vc_column_container vc_col-sm-3\"><div class=\"vc_column-inner \"><div class=\"wpb_wrapper\"><\/div><\/div><\/div><\/div><div data-vc-full-width=\"true\" data-vc-full-width-init=\"false\" class=\"vc_row wpb_row vc_row-fluid third_bg_color vc_custom_1459505959648\"><div class=\"wpb_column vc_column_container vc_col-sm-12\"><div class=\"vc_column-inner \"><div class=\"wpb_wrapper\">\n<section class=\"vc_cta3-container\" >\n    <div class=\"vc_general vc_cta3 third_bg_color vc_cta3-style-flat vc_cta3-shape-square vc_cta3-align-left vc_cta3-color-classic vc_cta3-icon-size-md vc_cta3-actions-right vc_custom_1664631234590 style=\"\"\">\n                        <div class=\"vc_cta3_content-container\">\n                                    <div class=\"vc_cta3-content\">\n                <header class=\"vc_cta3-content-header\">\n                    <div class=\"vc_custom_heading text_align_center\" ><h2 style=\"font-size: 25px;color: #097055;line-height: 24px;text-align: center\" class=\"consulting-custom-title\">B\u1ea1n mu\u1ed1n t\u00ecm m\u1ed9t nh\u00e0 s\u1ea3n xu\u1ea5t t\u1ed1t nh\u1ea5t?<\/h2><\/div>                                    <\/header>\n                            <\/div>\n                        <div class=\"vc_cta3-actions\"><div class=\"vc_btn3-container vc_btn3-right\" ><a class=\"vc_general vc_btn3 vc_btn3-size-md vc_btn3-shape-rounded vc_btn3-style-3d vc_btn3-icon-right vc_btn3-color-default\" href=\"#\" title=\"\">H\u1ee3p t\u00e1c <i class=\"vc_btn3-icon stm-circuit_big\"><\/i><\/a><\/div><\/div>        <\/div>\n                    <\/div>\n<\/section><\/div><\/div><\/div><\/div><div class=\"vc_row-full-width vc_clearfix\"><\/div>\n<\/section>","protected":false},"excerpt":{"rendered":"L\u1ecbch s\u1eed c\u00f4ng ty H\u01a1n 20 n\u0103m ho\u1ea1t \u0111\u1ed9ng s\u1ea3n xu\u1ea5t kinh doanh v\u1edbi nhi\u1ec1u th\u0103ng tr\u1ea7m v\u00e0 th\u1eed th\u00e1ch, \u0111\u1ebfn nay TT&amp;L \u0111\u00e3 l\u1edbn m\u1ea1nh v\u00e0 ph\u00e1t tri\u1ec3n c\u00f9ng \u0111\u1ea5t n\u01b0\u1edbc, tr\u1edf th\u00e0nh th\u01b0\u01a1ng hi\u1ec7u uy t\u00edn, tin c\u1eady v\u00e0 quen thu\u1ed9c v\u1edbi nhi\u1ec1u kh\u00e1ch h\u00e0ng tr\u00ean th\u1ebf gi\u1edbi. Ch\u00fang t\u00f4i r\u1ea5t vui v\u00e0","protected":false},"author":1,"featured_media":0,"parent":9,"menu_order":0,"comment_status":"closed","ping_status":"closed","template":"","meta":{"_themeisle_gutenberg_block_has_review":false,"footnotes":""},"class_list":["post-377","page","type-page","status-publish","hentry"],"_links":{"self":[{"href":"https:\/\/ttlgarment.com\/vi\/wp-json\/wp\/v2\/pages\/377","targetHints":{"allow":["GET"]}}],"collection":[{"href":"https:\/\/ttlgarment.com\/vi\/wp-json\/wp\/v2\/pages"}],"about":[{"href":"https:\/\/ttlgarment.com\/vi\/wp-json\/wp\/v2\/types\/page"}],"author":[{"embeddable":true,"href":"https:\/\/ttlgarment.com\/vi\/wp-json\/wp\/v2\/users\/1"}],"replies":[{"embeddable":true,"href":"https:\/\/ttlgarment.com\/vi\/wp-json\/wp\/v2\/comments?post=377"}],"version-history":[{"count":16,"href":"https:\/\/ttlgarment.com\/vi\/wp-json\/wp\/v2\/pages\/377\/revisions"}],"predecessor-version":[{"id":8720,"href":"https:\/\/ttlgarment.com\/vi\/wp-json\/wp\/v2\/pages\/377\/revisions\/8720"}],"up":[{"embeddable":true,"href":"https:\/\/ttlgarment.com\/vi\/wp-json\/wp\/v2\/pages\/9"}],"wp:attachment":[{"href":"https:\/\/ttlgarment.com\/vi\/wp-json\/wp\/v2\/media?parent=377"}],"curies":[{"name":"wp","href":"https:\/\/api.w.org\/{rel}","templated":true}]}}