{"id":6318,"date":"2019-12-09T11:41:49","date_gmt":"2019-12-09T11:41:49","guid":{"rendered":"http:\/\/consulting.stylemixthemes.com\/demo\/?page_id=6318"},"modified":"2019-12-09T11:41:49","modified_gmt":"2019-12-09T11:41:49","slug":"cases-list","status":"publish","type":"page","link":"https:\/\/ttlgarment.com\/en\/cases-list\/","title":{"rendered":"Cases list"},"content":{"rendered":"<section class=\"wpb-content-wrapper\"><div class=\"vc_row wpb_row vc_row-fluid\"><div class=\"wpb_column vc_column_container vc_col-sm-8\"><div class=\"vc_column-inner\"><div class=\"wpb_wrapper\">\n\n    <div class=\"stm_news\">\n        <ul class=\"news_list posts_per_row_4\">\n\n            \n                                <li class=\"view_style_3\">\n                    <div class=\"post_item\">\n                                                    <a href=\"https:\/\/ttlgarment.com\/en\/works\/ttls-factory\/\" class=\"image\">\n                                <img loading=\"lazy\" decoding=\"async\" class=\"\" src=\"https:\/\/ttlgarment.com\/wp-content\/uploads\/2016\/06\/placeholder-1-260x170.gif\" width=\"260\" height=\"170\" alt=\"placeholder\" title=\"placeholder\" \/>                            <\/a>\n                                                <div class=\"content\">\n                            <a href=\"https:\/\/ttlgarment.com\/en\/works\/ttls-factory\/\" class=\"title base_font_color\">\n                                <h5 class=\"secondary_font_color_hv\">Nh\u00e0 m\u00e1y s\u1ea3n xu\u1ea5t c\u1ee7a TT&#038;L<\/h5>\n                            <\/a>\n                            <div class=\"description\">\n                                <p>Business Services<\/p>\n                            <\/div>\n                            <a href=\"https:\/\/ttlgarment.com\/en\/works\/ttls-factory\/\" class=\"read_more\">\n                                <i class=\"stm-lnr-arrow-right third_bg_color base_bg_color_hv\"><\/i>\n                                <span>\n                                Read more                                <\/span>\n                            <\/a>\n                        <\/div>\n                    <\/div>\n                <\/li>\n\n            \n                                <li class=\"view_style_3\">\n                    <div class=\"post_item\">\n                                                    <a href=\"https:\/\/ttlgarment.com\/en\/works\/transformation-sparks-financial-leaders-turnaround-2\/\" class=\"image\">\n                                <img loading=\"lazy\" decoding=\"async\" class=\"\" src=\"https:\/\/ttlgarment.com\/wp-content\/uploads\/2016\/06\/placeholder-1-260x170.gif\" width=\"260\" height=\"170\" alt=\"placeholder\" title=\"placeholder\" \/>                            <\/a>\n                                                <div class=\"content\">\n                            <a href=\"https:\/\/ttlgarment.com\/en\/works\/transformation-sparks-financial-leaders-turnaround-2\/\" class=\"title base_font_color\">\n                                <h5 class=\"secondary_font_color_hv\">N\u00e2ng c\u1ea5p nh\u00e0 m\u00e1y &#8230;<\/h5>\n                            <\/a>\n                            <div class=\"description\">\n                                <p>Business Services<\/p>\n                            <\/div>\n                            <a href=\"https:\/\/ttlgarment.com\/en\/works\/transformation-sparks-financial-leaders-turnaround-2\/\" class=\"read_more\">\n                                <i class=\"stm-lnr-arrow-right third_bg_color base_bg_color_hv\"><\/i>\n                                <span>\n                                Read more                                <\/span>\n                            <\/a>\n                        <\/div>\n                    <\/div>\n                <\/li>\n\n            \n                                <li class=\"view_style_3\">\n                    <div class=\"post_item\">\n                                                    <a href=\"https:\/\/ttlgarment.com\/en\/works\/leading-consumer-products-companies\/\" class=\"image\">\n                                <img loading=\"lazy\" decoding=\"async\" class=\"\" src=\"https:\/\/ttlgarment.com\/wp-content\/uploads\/2016\/06\/placeholder-260x170.gif\" width=\"260\" height=\"170\" alt=\"placeholder\" title=\"placeholder\" \/>                            <\/a>\n                                                <div class=\"content\">\n                            <a href=\"https:\/\/ttlgarment.com\/en\/works\/leading-consumer-products-companies\/\" class=\"title base_font_color\">\n                                <h5 class=\"secondary_font_color_hv\">T\u1eeb thi\u1ec7n t\u1ea1i &#8230;<\/h5>\n                            <\/a>\n                            <div class=\"description\">\n                                                            <\/div>\n                            <a href=\"https:\/\/ttlgarment.com\/en\/works\/leading-consumer-products-companies\/\" class=\"read_more\">\n                                <i class=\"stm-lnr-arrow-right third_bg_color base_bg_color_hv\"><\/i>\n                                <span>\n                                Read more                                <\/span>\n                            <\/a>\n                        <\/div>\n                    <\/div>\n                <\/li>\n\n            \n                                <li class=\"view_style_3\">\n                    <div class=\"post_item\">\n                                                    <a href=\"https:\/\/ttlgarment.com\/en\/works\/applying-commercial-excellence-in-chemicals\/\" class=\"image\">\n                                <img loading=\"lazy\" decoding=\"async\" class=\"\" src=\"https:\/\/ttlgarment.com\/wp-content\/uploads\/2016\/06\/placeholder-260x170.gif\" width=\"260\" height=\"170\" alt=\"placeholder\" title=\"placeholder\" \/>                            <\/a>\n                                                <div class=\"content\">\n                            <a href=\"https:\/\/ttlgarment.com\/en\/works\/applying-commercial-excellence-in-chemicals\/\" class=\"title base_font_color\">\n                                <h5 class=\"secondary_font_color_hv\">H\u1ec7 th\u1ed1ng v\u1eadn t\u1ea3i xu\u1ea5t kh\u1ea9u<\/h5>\n                            <\/a>\n                            <div class=\"description\">\n                                                            <\/div>\n                            <a href=\"https:\/\/ttlgarment.com\/en\/works\/applying-commercial-excellence-in-chemicals\/\" class=\"read_more\">\n                                <i class=\"stm-lnr-arrow-right third_bg_color base_bg_color_hv\"><\/i>\n                                <span>\n                                Read more                                <\/span>\n                            <\/a>\n                        <\/div>\n                    <\/div>\n                <\/li>\n\n                    <\/ul>\n    <\/div>\n<\/div><\/div><\/div><div class=\"wpb_column vc_column_container vc_col-sm-4\"><div class=\"vc_column-inner\"><div class=\"wpb_wrapper\">\n<div class=\"stm_sidebar\">\n\n            <style type=\"text\/css\" scoped>\n            .vc_custom_1452056597103{margin-right: 0px !important;margin-bottom: 30px !important;margin-left: 0px !important;}.vc_custom_1451998133493{margin-bottom: 30px !important;}.vc_custom_1452056633692{padding-top: 37px !important;padding-right: 30px !important;padding-bottom: 40px !important;padding-left: 30px !important;}.vc_custom_1519879674824{margin-bottom: 9px !important;}.vc_custom_1462159898665{margin-bottom: 17px !important;}.vc_custom_1452752737760{margin-bottom: 30px !important;}        <\/style>\n        <section class=\"wpb-content-wrapper\"><div class=\"vc_row wpb_row vc_row-fluid third_bg_color vc_custom_1452056597103\"><div class=\"wpb_column vc_column_container vc_col-sm-12\"><div class=\"vc_column-inner vc_custom_1452056633692\"><div class=\"wpb_wrapper\"><div class=\"vc_custom_heading vc_custom_1519879674824 text_align_left\" ><div style=\"font-size: 16px;color: #222222;text-align: left;font-family:Poppins;font-weight:600;font-style:normal\" class=\"consulting-custom-title\">How can we help you?<\/div><\/div>\n\t<div class=\"wpb_text_column wpb_content_element  vc_custom_1462159898665\" >\n\t\t<div class=\"wpb_wrapper\">\n\t\t\t<p><span style=\"font-size: 13px; line-height: 22px; color: #222222;\">Contact us at the Consulting WP office nearest to you or submit a business inquiry online.<\/span><\/p>\n\n\t\t<\/div>\n\t<\/div>\n<div class=\"vc_btn3-container vc_btn3-inline\" ><button class=\"vc_general vc_btn3 vc_btn3-size-sm vc_btn3-shape-rounded vc_btn3-style-flat vc_btn3-icon-left vc_btn3-color-white\"><i class=\"vc_btn3-icon fa fa-phone-square\"><\/i> contacts<\/button><\/div><\/div><\/div><\/div><\/div><div class=\"vc_row wpb_row vc_row-fluid vc_custom_1451998133493\"><div class=\"wpb_column vc_column_container vc_col-sm-12\"><div class=\"vc_column-inner\"><div class=\"wpb_wrapper\"><div class=\"vc_btn3-container vc_btn3-left vc_custom_1452752737760\" ><button class=\"vc_general vc_btn3 vc_btn3-size-lg vc_btn3-shape-rounded vc_btn3-style-flat vc_btn3-block vc_btn3-icon-left vc_btn3-color-theme_style_1\"><i class=\"vc_btn3-icon fa fa-file-pdf-o\"><\/i> Company presentation<\/button><\/div>\n\n\t\t\t<div class=\"stm_testimonials cols_1 style_1\">\n\t\t\t\t\t\t\t<div class=\"item\">\n\t\t\t\t\t<div class=\"testimonial\"><p>&#8220;S\u1ef1 h\u00e0i l\u00f2ng c\u1ee7a kh\u00e1ch h\u00e0ng l\u00e0 m\u1ee5c ti\u00eau, l\u00e0 th\u01b0\u1edbc \u0111o cho s\u1ef1 th\u00e0nh c\u00f4ng c\u1ee7a c\u00f4ng ty ch\u00fang t\u00f4i.&#8221;<\/p>\n<\/div>\n\t\t\t\t\t<div class=\"testimonial-info clearfix\">\n\t\t\t\t\t\t<div class=\"testimonial-image\"><img loading=\"lazy\" decoding=\"async\" width=\"50\" height=\"50\" src=\"https:\/\/ttlgarment.com\/wp-content\/uploads\/2016\/06\/placeholder-50x50.gif\" class=\"attachment-consulting-image-50x50-croped size-consulting-image-50x50-croped wp-post-image\" alt=\"placeholder\" srcset=\"https:\/\/ttlgarment.com\/wp-content\/uploads\/2016\/06\/placeholder-50x50.gif 50w, https:\/\/ttlgarment.com\/wp-content\/uploads\/2016\/06\/placeholder-300x300.gif 300w, https:\/\/ttlgarment.com\/wp-content\/uploads\/2016\/06\/placeholder-100x100.gif 100w, https:\/\/ttlgarment.com\/wp-content\/uploads\/2016\/06\/placeholder-150x150.gif 150w, https:\/\/ttlgarment.com\/wp-content\/uploads\/2016\/06\/placeholder-320x320.gif 320w\" sizes=\"auto, (max-width: 50px) 100vw, 50px\" \/><\/div>\n\t\t\t\t\t\t<div class=\"testimonial-text\">\n\t\t\t\t\t\t\t<div class=\"name\">Nguy\u1ec5n Thanh Long<\/div>\n\t\t\t\t\t\t\t<div class=\"company\">\n\t\t\t\t\t\t\tFounder &amp; CEO, TT&amp;L\t\t\t\t\t\t\t<\/div>\n\t\t\t\t\t\t<\/div>\n\t\t\t\t\t<\/div>\n\t\t\t\t<\/div>\n\t\t\t\t\t<\/div>\n\t\n\t<div class=\"vc_wp_posts wpb_content_element\">\n\t\t<aside class=\"widget widget_recent_entries\">\n\t\t<h5 class=\"widget_title\">Recent news<\/h5>\n\t\t<ul>\n\t\t\t\t\t\t\t\t\t\t\t<li>\n\t\t\t\t\t<a href=\"https:\/\/ttlgarment.com\/en\/a-digital-prescription-for-the-pharma-industry-2\/\">A digital prescription for the pharma industry<\/a>\n\t\t\t\t\t\t\t\t\t\t\t<span class=\"post-date\">9 December, 2019<\/span>\n\t\t\t\t\t\t\t\t\t<\/li>\n\t\t\t\t\t\t\t\t\t\t\t<li>\n\t\t\t\t\t<a href=\"https:\/\/ttlgarment.com\/en\/within-the-construction-industry-as-their-overdraft\/\">Within the construction industry as their overdraft<\/a>\n\t\t\t\t\t\t\t\t\t\t\t<span class=\"post-date\">22 January, 2016<\/span>\n\t\t\t\t\t\t\t\t\t<\/li>\n\t\t\t\t\t<\/ul>\n\n\t\t<\/aside><\/div><\/div><\/div><\/div><\/div>\n<\/section>    \n<\/div><\/div><\/div><\/div><\/div>\n<\/section>","protected":false},"excerpt":{"rendered":"","protected":false},"author":1,"featured_media":0,"parent":0,"menu_order":0,"comment_status":"closed","ping_status":"closed","template":"","meta":{"_themeisle_gutenberg_block_has_review":false,"footnotes":""},"class_list":["post-6318","page","type-page","status-publish","hentry"],"_links":{"self":[{"href":"https:\/\/ttlgarment.com\/en\/wp-json\/wp\/v2\/pages\/6318","targetHints":{"allow":["GET"]}}],"collection":[{"href":"https:\/\/ttlgarment.com\/en\/wp-json\/wp\/v2\/pages"}],"about":[{"href":"https:\/\/ttlgarment.com\/en\/wp-json\/wp\/v2\/types\/page"}],"author":[{"embeddable":true,"href":"https:\/\/ttlgarment.com\/en\/wp-json\/wp\/v2\/users\/1"}],"replies":[{"embeddable":true,"href":"https:\/\/ttlgarment.com\/en\/wp-json\/wp\/v2\/comments?post=6318"}],"version-history":[{"count":0,"href":"https:\/\/ttlgarment.com\/en\/wp-json\/wp\/v2\/pages\/6318\/revisions"}],"wp:attachment":[{"href":"https:\/\/ttlgarment.com\/en\/wp-json\/wp\/v2\/media?parent=6318"}],"curies":[{"name":"wp","href":"https:\/\/api.w.org\/{rel}","templated":true}]}}