{"id":558,"date":"2016-01-13T17:48:37","date_gmt":"2016-01-13T17:48:37","guid":{"rendered":"http:\/\/consultall.stm\/?page_id=558"},"modified":"2016-01-13T17:48:37","modified_gmt":"2016-01-13T17:48:37","slug":"services-grid","status":"publish","type":"page","link":"https:\/\/ttlgarment.com\/en\/services-grid\/","title":{"rendered":"Services"},"content":{"rendered":"<section class=\"wpb-content-wrapper\"><div class=\"vc_row wpb_row vc_row-fluid vc_custom_1459506769570\"><div class=\"wpb_column vc_column_container vc_col-sm-12 vc_col-lg-9 vc_col-md-9\"><div class=\"vc_column-inner\"><div class=\"wpb_wrapper\">\n\n    <div class=\"stm_services style_1 cols_3\">\n                    <div class=\"item\">\n                <div class=\"item_wr\">\n                                            \n                        <div class=\"item_thumbnail\">\n                            <a href=\"https:\/\/ttlgarment.com\/en\/service\/turnaround-consulting\/\">\n                                <img loading=\"lazy\" decoding=\"async\" width=\"255\" height=\"182\" src=\"https:\/\/ttlgarment.com\/wp-content\/uploads\/2016\/06\/placeholder-255x182.gif\" class=\"attachment-consulting-image-255x182-croped\" alt=\"placeholder\" title=\"placeholder\" srcset=\"https:\/\/ttlgarment.com\/wp-content\/uploads\/2016\/06\/placeholder-255x182.gif 255w, https:\/\/ttlgarment.com\/wp-content\/uploads\/2016\/06\/placeholder-18x12.gif 18w, https:\/\/ttlgarment.com\/wp-content\/uploads\/2016\/06\/placeholder-350x250.gif 350w, https:\/\/ttlgarment.com\/wp-content\/uploads\/2016\/06\/placeholder-900x640.gif 900w\" sizes=\"auto, (max-width: 255px) 100vw, 255px\" \/>                            <\/a>\n                                                    <\/div>\n                                                            <div class=\"content\" >\n                                                    <h5><a href=\"https:\/\/ttlgarment.com\/en\/service\/turnaround-consulting\/\"  >Turnaround Consulting<\/a><\/h5>\n                                                                                                    <p>Companies dislike the term \u2018turnaround consulting\u2019 because it represents failure. The truth is that turnaround consulting represents success.<\/p>\n                                                                            <a class=\"read_more\"\n                               href=\"https:\/\/ttlgarment.com\/en\/service\/turnaround-consulting\/\" >\n                                <span data-no-translation=\"\" data-trp-gettext=\"\">read more<\/span>\n                                <i class=\"fa fa-chevron-right\"><\/i>\n                            <\/a>\n                                            <\/div>\n                <\/div>\n            <\/div>\n                    <div class=\"item\">\n                <div class=\"item_wr\">\n                                            \n                        <div class=\"item_thumbnail\">\n                            <a href=\"https:\/\/ttlgarment.com\/en\/service\/bonds-commodities\/\">\n                                <img loading=\"lazy\" decoding=\"async\" width=\"255\" height=\"182\" src=\"https:\/\/ttlgarment.com\/wp-content\/uploads\/2016\/06\/placeholder-255x182.gif\" class=\"attachment-consulting-image-255x182-croped\" alt=\"placeholder\" title=\"placeholder\" srcset=\"https:\/\/ttlgarment.com\/wp-content\/uploads\/2016\/06\/placeholder-255x182.gif 255w, https:\/\/ttlgarment.com\/wp-content\/uploads\/2016\/06\/placeholder-18x12.gif 18w, https:\/\/ttlgarment.com\/wp-content\/uploads\/2016\/06\/placeholder-350x250.gif 350w, https:\/\/ttlgarment.com\/wp-content\/uploads\/2016\/06\/placeholder-900x640.gif 900w\" sizes=\"auto, (max-width: 255px) 100vw, 255px\" \/>                            <\/a>\n                                                    <\/div>\n                                                            <div class=\"content\" >\n                                                    <h5><a href=\"https:\/\/ttlgarment.com\/en\/service\/bonds-commodities\/\"  >Bonds &#038; Commodities<\/a><\/h5>\n                                                                                                    <p>Bonds and commodities are much more stable than stocks and trades. We allow our clients to invest in the right bonds &amp; commodities.<\/p>\n                                                                            <a class=\"read_more\"\n                               href=\"https:\/\/ttlgarment.com\/en\/service\/bonds-commodities\/\" >\n                                <span data-no-translation=\"\" data-trp-gettext=\"\">read more<\/span>\n                                <i class=\"fa fa-chevron-right\"><\/i>\n                            <\/a>\n                                            <\/div>\n                <\/div>\n            <\/div>\n                    <div class=\"item\">\n                <div class=\"item_wr\">\n                                            \n                        <div class=\"item_thumbnail\">\n                            <a href=\"https:\/\/ttlgarment.com\/en\/service\/audit-assurance\/\">\n                                <img loading=\"lazy\" decoding=\"async\" width=\"255\" height=\"182\" src=\"https:\/\/ttlgarment.com\/wp-content\/uploads\/2016\/06\/placeholder-255x182.gif\" class=\"attachment-consulting-image-255x182-croped\" alt=\"placeholder\" title=\"placeholder\" srcset=\"https:\/\/ttlgarment.com\/wp-content\/uploads\/2016\/06\/placeholder-255x182.gif 255w, https:\/\/ttlgarment.com\/wp-content\/uploads\/2016\/06\/placeholder-18x12.gif 18w, https:\/\/ttlgarment.com\/wp-content\/uploads\/2016\/06\/placeholder-350x250.gif 350w, https:\/\/ttlgarment.com\/wp-content\/uploads\/2016\/06\/placeholder-900x640.gif 900w\" sizes=\"auto, (max-width: 255px) 100vw, 255px\" \/>                            <\/a>\n                                                    <\/div>\n                                                            <div class=\"content\" >\n                                                    <h5><a href=\"https:\/\/ttlgarment.com\/en\/service\/audit-assurance\/\"  >Audit &#038; Assurance<\/a><\/h5>\n                                                                                                    <p>Audit and assurance is all about meticulous data analysis. Everything needs to be checked, double checked, and triple checked.<\/p>\n                                                                            <a class=\"read_more\"\n                               href=\"https:\/\/ttlgarment.com\/en\/service\/audit-assurance\/\" >\n                                <span data-no-translation=\"\" data-trp-gettext=\"\">read more<\/span>\n                                <i class=\"fa fa-chevron-right\"><\/i>\n                            <\/a>\n                                            <\/div>\n                <\/div>\n            <\/div>\n                    <div class=\"item\">\n                <div class=\"item_wr\">\n                                            \n                        <div class=\"item_thumbnail\">\n                            <a href=\"https:\/\/ttlgarment.com\/en\/service\/trades-stocks\/\">\n                                <img loading=\"lazy\" decoding=\"async\" width=\"255\" height=\"182\" src=\"https:\/\/ttlgarment.com\/wp-content\/uploads\/2016\/06\/placeholder-255x182.gif\" class=\"attachment-consulting-image-255x182-croped\" alt=\"placeholder\" title=\"placeholder\" srcset=\"https:\/\/ttlgarment.com\/wp-content\/uploads\/2016\/06\/placeholder-255x182.gif 255w, https:\/\/ttlgarment.com\/wp-content\/uploads\/2016\/06\/placeholder-18x12.gif 18w, https:\/\/ttlgarment.com\/wp-content\/uploads\/2016\/06\/placeholder-350x250.gif 350w, https:\/\/ttlgarment.com\/wp-content\/uploads\/2016\/06\/placeholder-900x640.gif 900w\" sizes=\"auto, (max-width: 255px) 100vw, 255px\" \/>                            <\/a>\n                                                    <\/div>\n                                                            <div class=\"content\" >\n                                                    <h5><a href=\"https:\/\/ttlgarment.com\/en\/service\/trades-stocks\/\"  >Trades &#038; Stocks<\/a><\/h5>\n                                                                                                    <p>This allows us to specialize in all dimensions of trades and stocks, because we have a specialist within the team for every scenario.<\/p>\n                                                                            <a class=\"read_more\"\n                               href=\"https:\/\/ttlgarment.com\/en\/service\/trades-stocks\/\" >\n                                <span data-no-translation=\"\" data-trp-gettext=\"\">read more<\/span>\n                                <i class=\"fa fa-chevron-right\"><\/i>\n                            <\/a>\n                                            <\/div>\n                <\/div>\n            <\/div>\n                    <div class=\"item\">\n                <div class=\"item_wr\">\n                                            \n                        <div class=\"item_thumbnail\">\n                            <a href=\"https:\/\/ttlgarment.com\/en\/service\/strategic-planning\/\">\n                                <img loading=\"lazy\" decoding=\"async\" width=\"255\" height=\"182\" src=\"https:\/\/ttlgarment.com\/wp-content\/uploads\/2016\/06\/placeholder-255x182.gif\" class=\"attachment-consulting-image-255x182-croped\" alt=\"placeholder\" title=\"placeholder\" srcset=\"https:\/\/ttlgarment.com\/wp-content\/uploads\/2016\/06\/placeholder-255x182.gif 255w, https:\/\/ttlgarment.com\/wp-content\/uploads\/2016\/06\/placeholder-18x12.gif 18w, https:\/\/ttlgarment.com\/wp-content\/uploads\/2016\/06\/placeholder-350x250.gif 350w, https:\/\/ttlgarment.com\/wp-content\/uploads\/2016\/06\/placeholder-900x640.gif 900w\" sizes=\"auto, (max-width: 255px) 100vw, 255px\" \/>                            <\/a>\n                                                    <\/div>\n                                                            <div class=\"content\" >\n                                                    <h5><a href=\"https:\/\/ttlgarment.com\/en\/service\/strategic-planning\/\"  >Strategic Planning<\/a><\/h5>\n                                                                                                    <p>We work with our clients and do a deep analysis of their business. We help prepare possible outcomes to different decisions.<\/p>\n                                                                            <a class=\"read_more\"\n                               href=\"https:\/\/ttlgarment.com\/en\/service\/strategic-planning\/\" >\n                                <span data-no-translation=\"\" data-trp-gettext=\"\">read more<\/span>\n                                <i class=\"fa fa-chevron-right\"><\/i>\n                            <\/a>\n                                            <\/div>\n                <\/div>\n            <\/div>\n                    <div class=\"item\">\n                <div class=\"item_wr\">\n                                            \n                        <div class=\"item_thumbnail\">\n                            <a href=\"https:\/\/ttlgarment.com\/en\/service\/financial-projections-analysis\/\">\n                                <img loading=\"lazy\" decoding=\"async\" width=\"255\" height=\"182\" src=\"https:\/\/ttlgarment.com\/wp-content\/uploads\/2016\/06\/placeholder-255x182.gif\" class=\"attachment-consulting-image-255x182-croped\" alt=\"placeholder\" title=\"placeholder\" srcset=\"https:\/\/ttlgarment.com\/wp-content\/uploads\/2016\/06\/placeholder-255x182.gif 255w, https:\/\/ttlgarment.com\/wp-content\/uploads\/2016\/06\/placeholder-18x12.gif 18w, https:\/\/ttlgarment.com\/wp-content\/uploads\/2016\/06\/placeholder-350x250.gif 350w, https:\/\/ttlgarment.com\/wp-content\/uploads\/2016\/06\/placeholder-900x640.gif 900w\" sizes=\"auto, (max-width: 255px) 100vw, 255px\" \/>                            <\/a>\n                                                    <\/div>\n                                                            <div class=\"content\" >\n                                                    <h5><a href=\"https:\/\/ttlgarment.com\/en\/service\/financial-projections-analysis\/\"  >Financial Projections<\/a><\/h5>\n                                                                                                    <p>This stops companies from taking drastic measures like downsizing or closing down sites; those things happen only with no or bad financial projections.<\/p>\n                                                                            <a class=\"read_more\"\n                               href=\"https:\/\/ttlgarment.com\/en\/service\/financial-projections-analysis\/\" >\n                                <span data-no-translation=\"\" data-trp-gettext=\"\">read more<\/span>\n                                <i class=\"fa fa-chevron-right\"><\/i>\n                            <\/a>\n                                            <\/div>\n                <\/div>\n            <\/div>\n                    <div class=\"item\">\n                <div class=\"item_wr\">\n                                            \n                        <div class=\"item_thumbnail\">\n                            <a href=\"https:\/\/ttlgarment.com\/en\/service\/international-business-opportunities\/\">\n                                <img loading=\"lazy\" decoding=\"async\" width=\"255\" height=\"182\" src=\"https:\/\/ttlgarment.com\/wp-content\/uploads\/2016\/06\/placeholder-255x182.gif\" class=\"attachment-consulting-image-255x182-croped\" alt=\"placeholder\" title=\"placeholder\" srcset=\"https:\/\/ttlgarment.com\/wp-content\/uploads\/2016\/06\/placeholder-255x182.gif 255w, https:\/\/ttlgarment.com\/wp-content\/uploads\/2016\/06\/placeholder-18x12.gif 18w, https:\/\/ttlgarment.com\/wp-content\/uploads\/2016\/06\/placeholder-350x250.gif 350w, https:\/\/ttlgarment.com\/wp-content\/uploads\/2016\/06\/placeholder-900x640.gif 900w\" sizes=\"auto, (max-width: 255px) 100vw, 255px\" \/>                            <\/a>\n                                                    <\/div>\n                                                            <div class=\"content\" >\n                                                    <h5><a href=\"https:\/\/ttlgarment.com\/en\/service\/international-business-opportunities\/\"  >International Business Opportunities<\/a><\/h5>\n                                                                                                    <p>We allow you to enter international waters without having to worry about making a mistake, as we use our international experience.<\/p>\n                                                                            <a class=\"read_more\"\n                               href=\"https:\/\/ttlgarment.com\/en\/service\/international-business-opportunities\/\" >\n                                <span data-no-translation=\"\" data-trp-gettext=\"\">read more<\/span>\n                                <i class=\"fa fa-chevron-right\"><\/i>\n                            <\/a>\n                                            <\/div>\n                <\/div>\n            <\/div>\n                    <div class=\"item\">\n                <div class=\"item_wr\">\n                                            \n                        <div class=\"item_thumbnail\">\n                            <a href=\"https:\/\/ttlgarment.com\/en\/service\/business-planning-strategy-execution\/\">\n                                <img loading=\"lazy\" decoding=\"async\" width=\"255\" height=\"182\" src=\"https:\/\/ttlgarment.com\/wp-content\/uploads\/2016\/06\/placeholder-255x182.gif\" class=\"attachment-consulting-image-255x182-croped\" alt=\"placeholder\" title=\"placeholder\" srcset=\"https:\/\/ttlgarment.com\/wp-content\/uploads\/2016\/06\/placeholder-255x182.gif 255w, https:\/\/ttlgarment.com\/wp-content\/uploads\/2016\/06\/placeholder-18x12.gif 18w, https:\/\/ttlgarment.com\/wp-content\/uploads\/2016\/06\/placeholder-350x250.gif 350w, https:\/\/ttlgarment.com\/wp-content\/uploads\/2016\/06\/placeholder-900x640.gif 900w\" sizes=\"auto, (max-width: 255px) 100vw, 255px\" \/>                            <\/a>\n                                                    <\/div>\n                                                            <div class=\"content\" >\n                                                    <h5><a href=\"https:\/\/ttlgarment.com\/en\/service\/business-planning-strategy-execution\/\"  >Business Planning, Strategy &#038; Execution<\/a><\/h5>\n                                                                                                    <p>Execution is the single most important part of the whole process, poor execution can result in a lot of lost time and money.<\/p>\n                                                                            <a class=\"read_more\"\n                               href=\"https:\/\/ttlgarment.com\/en\/service\/business-planning-strategy-execution\/\" >\n                                <span data-no-translation=\"\" data-trp-gettext=\"\">read more<\/span>\n                                <i class=\"fa fa-chevron-right\"><\/i>\n                            <\/a>\n                                            <\/div>\n                <\/div>\n            <\/div>\n            <\/div>\n<\/div><\/div><\/div><div class=\"wpb_column vc_column_container vc_col-sm-3 vc_hidden-sm vc_hidden-xs\"><div class=\"vc_column-inner\"><div class=\"wpb_wrapper\">\n<div class=\"stm_sidebar\">\n\n            <style type=\"text\/css\" scoped>\n            .vc_custom_1452056597103{margin-right: 0px !important;margin-bottom: 30px !important;margin-left: 0px !important;}.vc_custom_1451998133493{margin-bottom: 30px !important;}.vc_custom_1452056633692{padding-top: 37px !important;padding-right: 30px !important;padding-bottom: 40px !important;padding-left: 30px !important;}.vc_custom_1519879674824{margin-bottom: 9px !important;}.vc_custom_1462159898665{margin-bottom: 17px !important;}.vc_custom_1452752737760{margin-bottom: 30px !important;}        <\/style>\n        <section class=\"wpb-content-wrapper\"><div class=\"vc_row wpb_row vc_row-fluid third_bg_color vc_custom_1452056597103\"><div class=\"wpb_column vc_column_container vc_col-sm-12\"><div class=\"vc_column-inner vc_custom_1452056633692\"><div class=\"wpb_wrapper\"><div class=\"vc_custom_heading vc_custom_1519879674824 text_align_left\" ><div style=\"font-size: 16px;color: #222222;text-align: left;font-family:Poppins;font-weight:600;font-style:normal\" class=\"consulting-custom-title\">How can we help you?<\/div><\/div>\n\t<div class=\"wpb_text_column wpb_content_element  vc_custom_1462159898665\" >\n\t\t<div class=\"wpb_wrapper\">\n\t\t\t<p><span style=\"font-size: 13px; line-height: 22px; color: #222222;\">Contact us at the Consulting WP office nearest to you or submit a business inquiry online.<\/span><\/p>\n\n\t\t<\/div>\n\t<\/div>\n<div class=\"vc_btn3-container vc_btn3-inline\" ><button class=\"vc_general vc_btn3 vc_btn3-size-sm vc_btn3-shape-rounded vc_btn3-style-flat vc_btn3-icon-left vc_btn3-color-white\"><i class=\"vc_btn3-icon fa fa-phone-square\"><\/i> contacts<\/button><\/div><\/div><\/div><\/div><\/div><div class=\"vc_row wpb_row vc_row-fluid vc_custom_1451998133493\"><div class=\"wpb_column vc_column_container vc_col-sm-12\"><div class=\"vc_column-inner\"><div class=\"wpb_wrapper\"><div class=\"vc_btn3-container vc_btn3-left vc_custom_1452752737760\" ><button class=\"vc_general vc_btn3 vc_btn3-size-lg vc_btn3-shape-rounded vc_btn3-style-flat vc_btn3-block vc_btn3-icon-left vc_btn3-color-theme_style_1\"><i class=\"vc_btn3-icon fa fa-file-pdf-o\"><\/i> Company presentation<\/button><\/div>\n\n\t\t\t<div class=\"stm_testimonials cols_1 style_1\">\n\t\t\t\t\t\t\t<div class=\"item\">\n\t\t\t\t\t<div class=\"testimonial\"><p>&#8220;S\u1ef1 h\u00e0i l\u00f2ng c\u1ee7a kh\u00e1ch h\u00e0ng l\u00e0 m\u1ee5c ti\u00eau, l\u00e0 th\u01b0\u1edbc \u0111o cho s\u1ef1 th\u00e0nh c\u00f4ng c\u1ee7a c\u00f4ng ty ch\u00fang t\u00f4i.&#8221;<\/p>\n<\/div>\n\t\t\t\t\t<div class=\"testimonial-info clearfix\">\n\t\t\t\t\t\t<div class=\"testimonial-image\"><img loading=\"lazy\" decoding=\"async\" width=\"50\" height=\"50\" src=\"https:\/\/ttlgarment.com\/wp-content\/uploads\/2016\/06\/placeholder-50x50.gif\" class=\"attachment-consulting-image-50x50-croped size-consulting-image-50x50-croped wp-post-image\" alt=\"placeholder\" srcset=\"https:\/\/ttlgarment.com\/wp-content\/uploads\/2016\/06\/placeholder-50x50.gif 50w, https:\/\/ttlgarment.com\/wp-content\/uploads\/2016\/06\/placeholder-300x300.gif 300w, https:\/\/ttlgarment.com\/wp-content\/uploads\/2016\/06\/placeholder-100x100.gif 100w, https:\/\/ttlgarment.com\/wp-content\/uploads\/2016\/06\/placeholder-150x150.gif 150w, https:\/\/ttlgarment.com\/wp-content\/uploads\/2016\/06\/placeholder-320x320.gif 320w\" sizes=\"auto, (max-width: 50px) 100vw, 50px\" \/><\/div>\n\t\t\t\t\t\t<div class=\"testimonial-text\">\n\t\t\t\t\t\t\t<div class=\"name\">Nguy\u1ec5n Thanh Long<\/div>\n\t\t\t\t\t\t\t<div class=\"company\">\n\t\t\t\t\t\t\tFounder &amp; CEO, TT&amp;L\t\t\t\t\t\t\t<\/div>\n\t\t\t\t\t\t<\/div>\n\t\t\t\t\t<\/div>\n\t\t\t\t<\/div>\n\t\t\t\t\t<\/div>\n\t\n\t<div class=\"vc_wp_posts wpb_content_element\">\n\t\t<aside class=\"widget widget_recent_entries\">\n\t\t<h5 class=\"widget_title\">Recent news<\/h5>\n\t\t<ul>\n\t\t\t\t\t\t\t\t\t\t\t<li>\n\t\t\t\t\t<a href=\"https:\/\/ttlgarment.com\/en\/a-digital-prescription-for-the-pharma-industry-2\/\">A digital prescription for the pharma industry<\/a>\n\t\t\t\t\t\t\t\t\t\t\t<span class=\"post-date\">9 December, 2019<\/span>\n\t\t\t\t\t\t\t\t\t<\/li>\n\t\t\t\t\t\t\t\t\t\t\t<li>\n\t\t\t\t\t<a href=\"https:\/\/ttlgarment.com\/en\/within-the-construction-industry-as-their-overdraft\/\">Within the construction industry as their overdraft<\/a>\n\t\t\t\t\t\t\t\t\t\t\t<span class=\"post-date\">22 January, 2016<\/span>\n\t\t\t\t\t\t\t\t\t<\/li>\n\t\t\t\t\t<\/ul>\n\n\t\t<\/aside><\/div><\/div><\/div><\/div><\/div>\n<\/section>    \n<\/div><\/div><\/div><\/div><\/div><div data-vc-full-width=\"true\" data-vc-full-width-init=\"false\" class=\"vc_row wpb_row vc_row-fluid third_bg_color vc_custom_1459505959648\"><div class=\"wpb_column vc_column_container vc_col-sm-12\"><div class=\"vc_column-inner\"><div class=\"wpb_wrapper\">\n<section class=\"vc_cta3-container\" >\n    <div class=\"vc_general vc_cta3 third_bg_color vc_cta3-style-flat vc_cta3-shape-square vc_cta3-align-left vc_cta3-color-classic vc_cta3-icon-size-md vc_cta3-actions-right vc_custom_1519877681489 style=\"\"\">\n                        <div class=\"vc_cta3_content-container\">\n                                    <div class=\"vc_cta3-content\">\n                <header class=\"vc_cta3-content-header\">\n                    <div class=\"vc_custom_heading\" ><h2 style=\"font-size: 20px;color: #ffffff;line-height: 24px\" class=\"consulting-custom-title\">Looking for a First-Class Business Plan Consultant?<\/h2><\/div>                                    <\/header>\n                            <\/div>\n                        <div class=\"vc_cta3-actions\"><div class=\"vc_btn3-container vc_btn3-right\" ><a class=\"vc_general vc_btn3 vc_btn3-size-md vc_btn3-shape-rounded vc_btn3-style-flat vc_btn3-icon-right vc_btn3-color-theme_style_2\" href=\"#\" title=\"\">get a quote <i class=\"vc_btn3-icon fa fa-chevron-right\"><\/i><\/a><\/div><\/div>        <\/div>\n                    <\/div>\n<\/section><\/div><\/div><\/div><\/div><div class=\"vc_row-full-width vc_clearfix\"><\/div>\n<\/section>","protected":false},"excerpt":{"rendered":"","protected":false},"author":1,"featured_media":0,"parent":0,"menu_order":0,"comment_status":"closed","ping_status":"closed","template":"","meta":{"_themeisle_gutenberg_block_has_review":false,"footnotes":""},"class_list":["post-558","page","type-page","status-publish","hentry"],"_links":{"self":[{"href":"https:\/\/ttlgarment.com\/en\/wp-json\/wp\/v2\/pages\/558","targetHints":{"allow":["GET"]}}],"collection":[{"href":"https:\/\/ttlgarment.com\/en\/wp-json\/wp\/v2\/pages"}],"about":[{"href":"https:\/\/ttlgarment.com\/en\/wp-json\/wp\/v2\/types\/page"}],"author":[{"embeddable":true,"href":"https:\/\/ttlgarment.com\/en\/wp-json\/wp\/v2\/users\/1"}],"replies":[{"embeddable":true,"href":"https:\/\/ttlgarment.com\/en\/wp-json\/wp\/v2\/comments?post=558"}],"version-history":[{"count":0,"href":"https:\/\/ttlgarment.com\/en\/wp-json\/wp\/v2\/pages\/558\/revisions"}],"wp:attachment":[{"href":"https:\/\/ttlgarment.com\/en\/wp-json\/wp\/v2\/media?parent=558"}],"curies":[{"name":"wp","href":"https:\/\/api.w.org\/{rel}","templated":true}]}}