{"id":462,"date":"2016-01-08T11:28:46","date_gmt":"2016-01-08T11:28:46","guid":{"rendered":"http:\/\/consultall.stm\/?page_id=462"},"modified":"2016-01-08T11:28:46","modified_gmt":"2016-01-08T11:28:46","slug":"our-team-grid","status":"publish","type":"page","link":"https:\/\/ttlgarment.com\/en\/company-overview\/our-team-grid\/","title":{"rendered":"Our team grid"},"content":{"rendered":"<section class=\"wpb-content-wrapper\"><div class=\"vc_row wpb_row vc_row-fluid vc_custom_1459506565899\"><div class=\"wpb_column vc_column_container vc_col-sm-9\"><div class=\"vc_column-inner\"><div class=\"wpb_wrapper\"><div class=\"vc_custom_heading vc_custom_1452247174165 text_align_left\" ><h2 style=\"text-align: left\" class=\"consulting-custom-title\">Our team grid<\/h2><\/div>\n\t<div class=\"staff_list grid cols_3 img_default\">\n\t\t<ul>\n\t\t\t\t\t\t\t<li>\n\t\t\t\t\t\t\t\t\t\t\t\t\t\t\t\t\t\t\t\t\t\t\t<div class=\"staff_image\">\n\t\t\t\t\t\t\t\t<a href=\"https:\/\/ttlgarment.com\/en\/staff\/brandon-copperfield\/\">\n\t\t\t\t\t\t\t\t\t<img loading=\"lazy\" decoding=\"async\" width=\"350\" height=\"250\" src=\"https:\/\/ttlgarment.com\/wp-content\/uploads\/2016\/06\/placeholder-350x250.gif\" class=\"attachment-consulting-image-350x250-croped size-consulting-image-350x250-croped wp-post-image\" alt=\"placeholder\" srcset=\"https:\/\/ttlgarment.com\/wp-content\/uploads\/2016\/06\/placeholder-350x250.gif 350w, https:\/\/ttlgarment.com\/wp-content\/uploads\/2016\/06\/placeholder-18x12.gif 18w, https:\/\/ttlgarment.com\/wp-content\/uploads\/2016\/06\/placeholder-255x182.gif 255w, https:\/\/ttlgarment.com\/wp-content\/uploads\/2016\/06\/placeholder-900x640.gif 900w\" sizes=\"auto, (max-width: 350px) 100vw, 350px\" \/>\t\t\t\t\t\t\t\t<\/a>\n\t\t\t\t\t\t\t<\/div>\n\t\t\t\t\t\t\t\t\t\t\t\t<div class=\"staff_info\">\n\t\t\t\t\t\t\t<h4 class=\"no_stripe\">\n\t\t\t\t\t\t\t\t<a href=\"https:\/\/ttlgarment.com\/en\/staff\/brandon-copperfield\/\" class=\"secondary_font_color_hv text_decoration_none\">Brandon Copperfield<\/a>\n\t\t\t\t\t\t\t<\/h4>\n\t\t\t\t\t\t\t\t\t\t\t\t\t\t\t\t\t\t\t\t\t\t<div class=\"staff_department\">\n\t\t\t\t\t\t\t\t\tFounder &amp; CEO\t\t\t\t\t\t\t\t<\/div>\n\t\t\t\t\t\t\t\t\t\t\t\t\t\t\t\t\t\t\t\t\t\t\t\t\t\t\t\t\t<p>The founder of Consulting WP, he has been the captain of this ship from the beginning and has sailed...<\/p>\n\t\t\t\t\t\t\t\t\t\t\t\t\t\t<a class=\"read_more\" href=\"https:\/\/ttlgarment.com\/en\/staff\/brandon-copperfield\/\">\n\t\t\t\t\t\t\t\t<span data-no-translation=\"\" data-trp-gettext=\"\">view profile<\/span>\n\t\t\t\t\t\t\t\t<i class=\"fa fa-chevron-right stm_icon\"><\/i>\n\t\t\t\t\t\t\t<\/a>\n\t\t\t\t\t\t<\/div>\n\t\t\t\t\t\t\t\t\t<\/li>\n\t\t\t\t\t\t\t\t<li>\n\t\t\t\t\t\t\t\t\t\t\t\t\t\t\t\t\t\t\t\t\t\t\t<div class=\"staff_image\">\n\t\t\t\t\t\t\t\t<a href=\"https:\/\/ttlgarment.com\/en\/staff\/clark-roberts\/\">\n\t\t\t\t\t\t\t\t\t<img loading=\"lazy\" decoding=\"async\" width=\"350\" height=\"250\" src=\"https:\/\/ttlgarment.com\/wp-content\/uploads\/2016\/06\/placeholder-350x250.gif\" class=\"attachment-consulting-image-350x250-croped size-consulting-image-350x250-croped wp-post-image\" alt=\"placeholder\" srcset=\"https:\/\/ttlgarment.com\/wp-content\/uploads\/2016\/06\/placeholder-350x250.gif 350w, https:\/\/ttlgarment.com\/wp-content\/uploads\/2016\/06\/placeholder-18x12.gif 18w, https:\/\/ttlgarment.com\/wp-content\/uploads\/2016\/06\/placeholder-255x182.gif 255w, https:\/\/ttlgarment.com\/wp-content\/uploads\/2016\/06\/placeholder-900x640.gif 900w\" sizes=\"auto, (max-width: 350px) 100vw, 350px\" \/>\t\t\t\t\t\t\t\t<\/a>\n\t\t\t\t\t\t\t<\/div>\n\t\t\t\t\t\t\t\t\t\t\t\t<div class=\"staff_info\">\n\t\t\t\t\t\t\t<h4 class=\"no_stripe\">\n\t\t\t\t\t\t\t\t<a href=\"https:\/\/ttlgarment.com\/en\/staff\/clark-roberts\/\" class=\"secondary_font_color_hv text_decoration_none\">Clark Roberts<\/a>\n\t\t\t\t\t\t\t<\/h4>\n\t\t\t\t\t\t\t\t\t\t\t\t\t\t\t\t\t\t\t\t\t\t<div class=\"staff_department\">\n\t\t\t\t\t\t\t\t\tChief Finance Officer\t\t\t\t\t\t\t\t<\/div>\n\t\t\t\t\t\t\t\t\t\t\t\t\t\t\t\t\t\t\t\t\t\t\t\t\t\t\t\t\t<p>Being the CFO in the Financial Industry is a tough task, thankfully he was here to man the helm...<\/p>\n\t\t\t\t\t\t\t\t\t\t\t\t\t\t<a class=\"read_more\" href=\"https:\/\/ttlgarment.com\/en\/staff\/clark-roberts\/\">\n\t\t\t\t\t\t\t\t<span data-no-translation=\"\" data-trp-gettext=\"\">view profile<\/span>\n\t\t\t\t\t\t\t\t<i class=\"fa fa-chevron-right stm_icon\"><\/i>\n\t\t\t\t\t\t\t<\/a>\n\t\t\t\t\t\t<\/div>\n\t\t\t\t\t\t\t\t\t<\/li>\n\t\t\t\t\t\t\t\t<li>\n\t\t\t\t\t\t\t\t\t\t\t\t\t\t\t\t\t\t\t\t\t\t\t<div class=\"staff_image\">\n\t\t\t\t\t\t\t\t<a href=\"https:\/\/ttlgarment.com\/en\/staff\/ashley-hardy\/\">\n\t\t\t\t\t\t\t\t\t<img loading=\"lazy\" decoding=\"async\" width=\"350\" height=\"250\" src=\"https:\/\/ttlgarment.com\/wp-content\/uploads\/2016\/06\/placeholder-350x250.gif\" class=\"attachment-consulting-image-350x250-croped size-consulting-image-350x250-croped wp-post-image\" alt=\"placeholder\" srcset=\"https:\/\/ttlgarment.com\/wp-content\/uploads\/2016\/06\/placeholder-350x250.gif 350w, https:\/\/ttlgarment.com\/wp-content\/uploads\/2016\/06\/placeholder-18x12.gif 18w, https:\/\/ttlgarment.com\/wp-content\/uploads\/2016\/06\/placeholder-255x182.gif 255w, https:\/\/ttlgarment.com\/wp-content\/uploads\/2016\/06\/placeholder-900x640.gif 900w\" sizes=\"auto, (max-width: 350px) 100vw, 350px\" \/>\t\t\t\t\t\t\t\t<\/a>\n\t\t\t\t\t\t\t<\/div>\n\t\t\t\t\t\t\t\t\t\t\t\t<div class=\"staff_info\">\n\t\t\t\t\t\t\t<h4 class=\"no_stripe\">\n\t\t\t\t\t\t\t\t<a href=\"https:\/\/ttlgarment.com\/en\/staff\/ashley-hardy\/\" class=\"secondary_font_color_hv text_decoration_none\">Ashley Hardy<\/a>\n\t\t\t\t\t\t\t<\/h4>\n\t\t\t\t\t\t\t\t\t\t\t\t\t\t\t\t\t\t\t\t\t\t<div class=\"staff_department\">\n\t\t\t\t\t\t\t\t\tVP Sales and Marketing\t\t\t\t\t\t\t\t<\/div>\n\t\t\t\t\t\t\t\t\t\t\t\t\t\t\t\t\t\t\t\t\t\t\t\t\t\t\t\t\t<p>She is an accomplished business developer. Her skills at creating relationships with clients are...<\/p>\n\t\t\t\t\t\t\t\t\t\t\t\t\t\t<a class=\"read_more\" href=\"https:\/\/ttlgarment.com\/en\/staff\/ashley-hardy\/\">\n\t\t\t\t\t\t\t\t<span data-no-translation=\"\" data-trp-gettext=\"\">view profile<\/span>\n\t\t\t\t\t\t\t\t<i class=\"fa fa-chevron-right stm_icon\"><\/i>\n\t\t\t\t\t\t\t<\/a>\n\t\t\t\t\t\t<\/div>\n\t\t\t\t\t\t\t\t\t<\/li>\n\t\t\t\t\t\t\t\t<li>\n\t\t\t\t\t\t\t\t\t\t\t\t\t\t\t\t\t\t\t\t\t\t\t<div class=\"staff_image\">\n\t\t\t\t\t\t\t\t<a href=\"https:\/\/ttlgarment.com\/en\/staff\/dennis-norris\/\">\n\t\t\t\t\t\t\t\t\t<img loading=\"lazy\" decoding=\"async\" width=\"350\" height=\"250\" src=\"https:\/\/ttlgarment.com\/wp-content\/uploads\/2016\/06\/placeholder-350x250.gif\" class=\"attachment-consulting-image-350x250-croped size-consulting-image-350x250-croped wp-post-image\" alt=\"placeholder\" srcset=\"https:\/\/ttlgarment.com\/wp-content\/uploads\/2016\/06\/placeholder-350x250.gif 350w, https:\/\/ttlgarment.com\/wp-content\/uploads\/2016\/06\/placeholder-18x12.gif 18w, https:\/\/ttlgarment.com\/wp-content\/uploads\/2016\/06\/placeholder-255x182.gif 255w, https:\/\/ttlgarment.com\/wp-content\/uploads\/2016\/06\/placeholder-900x640.gif 900w\" sizes=\"auto, (max-width: 350px) 100vw, 350px\" \/>\t\t\t\t\t\t\t\t<\/a>\n\t\t\t\t\t\t\t<\/div>\n\t\t\t\t\t\t\t\t\t\t\t\t<div class=\"staff_info\">\n\t\t\t\t\t\t\t<h4 class=\"no_stripe\">\n\t\t\t\t\t\t\t\t<a href=\"https:\/\/ttlgarment.com\/en\/staff\/dennis-norris\/\" class=\"secondary_font_color_hv text_decoration_none\">Dennis Norris<\/a>\n\t\t\t\t\t\t\t<\/h4>\n\t\t\t\t\t\t\t\t\t\t\t\t\t\t\t\t\t\t\t\t\t\t<div class=\"staff_department\">\n\t\t\t\t\t\t\t\t\tChief Marketing Officer\t\t\t\t\t\t\t\t<\/div>\n\t\t\t\t\t\t\t\t\t\t\t\t\t\t\t\t\t\t\t\t\t\t\t\t\t\t\t\t\t<p>He has helped Business WordPress Theme reach new heights and enter new markets. His skills of understanding...<\/p>\n\t\t\t\t\t\t\t\t\t\t\t\t\t\t<a class=\"read_more\" href=\"https:\/\/ttlgarment.com\/en\/staff\/dennis-norris\/\">\n\t\t\t\t\t\t\t\t<span data-no-translation=\"\" data-trp-gettext=\"\">view profile<\/span>\n\t\t\t\t\t\t\t\t<i class=\"fa fa-chevron-right stm_icon\"><\/i>\n\t\t\t\t\t\t\t<\/a>\n\t\t\t\t\t\t<\/div>\n\t\t\t\t\t\t\t\t\t<\/li>\n\t\t\t\t\t\t\t\t<li>\n\t\t\t\t\t\t\t\t\t\t\t\t\t\t\t\t\t\t\t\t\t\t\t<div class=\"staff_image\">\n\t\t\t\t\t\t\t\t<a href=\"https:\/\/ttlgarment.com\/en\/staff\/gina-kennedy\/\">\n\t\t\t\t\t\t\t\t\t<img loading=\"lazy\" decoding=\"async\" width=\"350\" height=\"250\" src=\"https:\/\/ttlgarment.com\/wp-content\/uploads\/2016\/06\/placeholder-350x250.gif\" class=\"attachment-consulting-image-350x250-croped size-consulting-image-350x250-croped wp-post-image\" alt=\"placeholder\" srcset=\"https:\/\/ttlgarment.com\/wp-content\/uploads\/2016\/06\/placeholder-350x250.gif 350w, https:\/\/ttlgarment.com\/wp-content\/uploads\/2016\/06\/placeholder-18x12.gif 18w, https:\/\/ttlgarment.com\/wp-content\/uploads\/2016\/06\/placeholder-255x182.gif 255w, https:\/\/ttlgarment.com\/wp-content\/uploads\/2016\/06\/placeholder-900x640.gif 900w\" sizes=\"auto, (max-width: 350px) 100vw, 350px\" \/>\t\t\t\t\t\t\t\t<\/a>\n\t\t\t\t\t\t\t<\/div>\n\t\t\t\t\t\t\t\t\t\t\t\t<div class=\"staff_info\">\n\t\t\t\t\t\t\t<h4 class=\"no_stripe\">\n\t\t\t\t\t\t\t\t<a href=\"https:\/\/ttlgarment.com\/en\/staff\/gina-kennedy\/\" class=\"secondary_font_color_hv text_decoration_none\">Gina Kennedy<\/a>\n\t\t\t\t\t\t\t<\/h4>\n\t\t\t\t\t\t\t\t\t\t\t\t\t\t\t\t\t\t\t\t\t\t<div class=\"staff_department\">\n\t\t\t\t\t\t\t\t\tAdministrator\t\t\t\t\t\t\t\t<\/div>\n\t\t\t\t\t\t\t\t\t\t\t\t\t\t\t\t\t\t\t\t\t\t\t\t\t\t\t\t\t<p>As we help other companies grow, she helps us grow. She handles all the internal work at WP consulting...<\/p>\n\t\t\t\t\t\t\t\t\t\t\t\t\t\t<a class=\"read_more\" href=\"https:\/\/ttlgarment.com\/en\/staff\/gina-kennedy\/\">\n\t\t\t\t\t\t\t\t<span data-no-translation=\"\" data-trp-gettext=\"\">view profile<\/span>\n\t\t\t\t\t\t\t\t<i class=\"fa fa-chevron-right stm_icon\"><\/i>\n\t\t\t\t\t\t\t<\/a>\n\t\t\t\t\t\t<\/div>\n\t\t\t\t\t\t\t\t\t<\/li>\n\t\t\t\t\t\t\t\t<li>\n\t\t\t\t\t\t\t\t\t\t\t\t\t\t\t\t\t\t\t\t\t\t\t<div class=\"staff_image\">\n\t\t\t\t\t\t\t\t<a href=\"https:\/\/ttlgarment.com\/en\/staff\/fernando-torres\/\">\n\t\t\t\t\t\t\t\t\t<img loading=\"lazy\" decoding=\"async\" width=\"350\" height=\"250\" src=\"https:\/\/ttlgarment.com\/wp-content\/uploads\/2016\/06\/placeholder-350x250.gif\" class=\"attachment-consulting-image-350x250-croped size-consulting-image-350x250-croped wp-post-image\" alt=\"placeholder\" srcset=\"https:\/\/ttlgarment.com\/wp-content\/uploads\/2016\/06\/placeholder-350x250.gif 350w, https:\/\/ttlgarment.com\/wp-content\/uploads\/2016\/06\/placeholder-18x12.gif 18w, https:\/\/ttlgarment.com\/wp-content\/uploads\/2016\/06\/placeholder-255x182.gif 255w, https:\/\/ttlgarment.com\/wp-content\/uploads\/2016\/06\/placeholder-900x640.gif 900w\" sizes=\"auto, (max-width: 350px) 100vw, 350px\" \/>\t\t\t\t\t\t\t\t<\/a>\n\t\t\t\t\t\t\t<\/div>\n\t\t\t\t\t\t\t\t\t\t\t\t<div class=\"staff_info\">\n\t\t\t\t\t\t\t<h4 class=\"no_stripe\">\n\t\t\t\t\t\t\t\t<a href=\"https:\/\/ttlgarment.com\/en\/staff\/fernando-torres\/\" class=\"secondary_font_color_hv text_decoration_none\">Fernando Torres<\/a>\n\t\t\t\t\t\t\t<\/h4>\n\t\t\t\t\t\t\t\t\t\t\t\t\t\t\t\t\t\t\t\t\t\t<div class=\"staff_department\">\n\t\t\t\t\t\t\t\t\tTax Consultant\t\t\t\t\t\t\t\t<\/div>\n\t\t\t\t\t\t\t\t\t\t\t\t\t\t\t\t\t\t\t\t\t\t\t\t\t\t\t\t\t<p>Tax laws and regulations are some of the most complicated and infuriating parts of the financial...<\/p>\n\t\t\t\t\t\t\t\t\t\t\t\t\t\t<a class=\"read_more\" href=\"https:\/\/ttlgarment.com\/en\/staff\/fernando-torres\/\">\n\t\t\t\t\t\t\t\t<span data-no-translation=\"\" data-trp-gettext=\"\">view profile<\/span>\n\t\t\t\t\t\t\t\t<i class=\"fa fa-chevron-right stm_icon\"><\/i>\n\t\t\t\t\t\t\t<\/a>\n\t\t\t\t\t\t<\/div>\n\t\t\t\t\t\t\t\t\t<\/li>\n\t\t\t\t\t\t\t\t\t<\/ul>\n\t<\/div>\n<\/div><\/div><\/div><div class=\"wpb_column vc_column_container vc_col-sm-3\"><div class=\"vc_column-inner\"><div class=\"wpb_wrapper\">\n<div class=\"stm_sidebar\">\n\n            <style type=\"text\/css\" scoped>\n            .vc_custom_1451998133493{margin-bottom: 30px !important;}.vc_custom_1452056597103{margin-right: 0px !important;margin-bottom: 30px !important;margin-left: 0px !important;}.vc_custom_1452056633692{padding-top: 37px !important;padding-right: 30px !important;padding-bottom: 40px !important;padding-left: 30px !important;}.vc_custom_1663260943205{margin-bottom: 9px !important;}.vc_custom_1663260590108{margin-bottom: 17px !important;}.vc_custom_1663261221678{border-top-width: 2px !important;border-right-width: 2px !important;border-bottom-width: 2px !important;border-left-width: 2px !important;border-left-color: #097055 !important;border-left-style: solid !important;border-right-color: #097055 !important;border-right-style: solid !important;border-top-color: #097055 !important;border-top-style: solid !important;border-bottom-color: #097055 !important;border-bottom-style: solid !important;}        <\/style>\n        <section class=\"wpb-content-wrapper\"><div class=\"vc_row wpb_row vc_row-fluid vc_custom_1451998133493\"><div class=\"wpb_column vc_column_container vc_col-sm-12\"><div class=\"vc_column-inner\"><div class=\"wpb_wrapper\"><div class=\"vc_wp_custommenu wpb_content_element mb-30\"><\/div><\/div><\/div><\/div><\/div><div class=\"vc_row wpb_row vc_row-fluid third_bg_color vc_custom_1452056597103\"><div class=\"wpb_column vc_column_container vc_col-sm-12\"><div class=\"vc_column-inner vc_custom_1452056633692\"><div class=\"wpb_wrapper\"><div class=\"vc_custom_heading vc_custom_1663260943205 text_align_left\" ><div style=\"font-size: 16px;color: #222222;text-align: left;font-weight:700\" class=\"consulting-custom-title\">H\u1ee3p t\u00e1c c\u00f9ng ph\u00e1t tri\u1ec3n!<\/div><\/div>\n\t<div class=\"wpb_text_column wpb_content_element  vc_custom_1663260590108\" >\n\t\t<div class=\"wpb_wrapper\">\n\t\t\t<p><span style=\"font-size: 13px; line-height: 22px; color: #222222;\">Ch\u00fang t\u00f4i t\u1ef1 tin l\u00e0 nh\u00e0 s\u1ea3n xu\u1ea5t uy t\u00edn, mang l\u1ea1i gi\u00e1 tr\u1ecb \u0111a cho qu\u00fd kh\u00e1ch h\u00e0ng.<\/span><\/p>\n\n\t\t<\/div>\n\t<\/div>\n<div class=\"vc_btn3-container vc_btn3-inline vc_custom_1663261221678\" ><button class=\"vc_general vc_btn3 vc_btn3-size-sm vc_btn3-shape-rounded vc_btn3-style-flat vc_btn3-icon-left vc_btn3-color-theme_style_3\"><i class=\"vc_btn3-icon stm-right-arrow\"><\/i> Li\u00ean h\u1ec7<\/button><\/div><\/div><\/div><\/div><\/div><div class=\"vc_row wpb_row vc_row-fluid\"><div class=\"wpb_column vc_column_container vc_col-sm-12\"><div class=\"vc_column-inner\"><div class=\"wpb_wrapper\">\n\n\t\t\t<div class=\"stm_testimonials cols_1 style_1\">\n\t\t\t\t\t\t\t<div class=\"item\">\n\t\t\t\t\t<div class=\"testimonial\"><p>&#8220;S\u1ef1 h\u00e0i l\u00f2ng c\u1ee7a kh\u00e1ch h\u00e0ng l\u00e0 m\u1ee5c ti\u00eau, l\u00e0 th\u01b0\u1edbc \u0111o cho s\u1ef1 th\u00e0nh c\u00f4ng c\u1ee7a c\u00f4ng ty ch\u00fang t\u00f4i.&#8221;<\/p>\n<\/div>\n\t\t\t\t\t<div class=\"testimonial-info clearfix\">\n\t\t\t\t\t\t<div class=\"testimonial-image\"><img loading=\"lazy\" decoding=\"async\" width=\"50\" height=\"50\" src=\"https:\/\/ttlgarment.com\/wp-content\/uploads\/2016\/06\/placeholder-50x50.gif\" class=\"attachment-consulting-image-50x50-croped size-consulting-image-50x50-croped wp-post-image\" alt=\"placeholder\" srcset=\"https:\/\/ttlgarment.com\/wp-content\/uploads\/2016\/06\/placeholder-50x50.gif 50w, https:\/\/ttlgarment.com\/wp-content\/uploads\/2016\/06\/placeholder-300x300.gif 300w, https:\/\/ttlgarment.com\/wp-content\/uploads\/2016\/06\/placeholder-100x100.gif 100w, https:\/\/ttlgarment.com\/wp-content\/uploads\/2016\/06\/placeholder-150x150.gif 150w, https:\/\/ttlgarment.com\/wp-content\/uploads\/2016\/06\/placeholder-320x320.gif 320w\" sizes=\"auto, (max-width: 50px) 100vw, 50px\" \/><\/div>\n\t\t\t\t\t\t<div class=\"testimonial-text\">\n\t\t\t\t\t\t\t<div class=\"name\">Nguy\u1ec5n Thanh Long<\/div>\n\t\t\t\t\t\t\t<div class=\"company\">\n\t\t\t\t\t\t\tFounder &amp; CEO, TT&amp;L\t\t\t\t\t\t\t<\/div>\n\t\t\t\t\t\t<\/div>\n\t\t\t\t\t<\/div>\n\t\t\t\t<\/div>\n\t\t\t\t\t<\/div>\n\t\n\t<\/div><\/div><\/div><\/div>\n<\/section>    \n<\/div><\/div><\/div><\/div><\/div><div data-vc-full-width=\"true\" data-vc-full-width-init=\"false\" class=\"vc_row wpb_row vc_row-fluid third_bg_color vc_custom_1459505959648\"><div class=\"wpb_column vc_column_container vc_col-sm-12\"><div class=\"vc_column-inner\"><div class=\"wpb_wrapper\">\n<section class=\"vc_cta3-container\" >\n    <div class=\"vc_general vc_cta3 third_bg_color vc_cta3-style-flat vc_cta3-shape-square vc_cta3-align-left vc_cta3-color-classic vc_cta3-icon-size-md vc_cta3-actions-right vc_custom_1459505851233 style=\"\"\">\n                        <div class=\"vc_cta3_content-container\">\n                                    <div class=\"vc_cta3-content\">\n                <header class=\"vc_cta3-content-header\">\n                    <div class=\"vc_custom_heading\" ><h2 style=\"font-size: 20px;color: #ffffff;line-height: 24px\" class=\"consulting-custom-title\">Looking for a First-Class Business Plan Consultant?<\/h2><\/div>                                    <\/header>\n                            <\/div>\n                        <div class=\"vc_cta3-actions\"><div class=\"vc_btn3-container vc_btn3-right\" ><a class=\"vc_general vc_btn3 vc_btn3-size-md vc_btn3-shape-rounded vc_btn3-style-flat vc_btn3-icon-right vc_btn3-color-theme_style_2\" href=\"#\" title=\"\">get a quote <i class=\"vc_btn3-icon fa fa-chevron-right\"><\/i><\/a><\/div><\/div>        <\/div>\n                    <\/div>\n<\/section><\/div><\/div><\/div><\/div><div class=\"vc_row-full-width vc_clearfix\"><\/div>\n<\/section>","protected":false},"excerpt":{"rendered":"","protected":false},"author":1,"featured_media":0,"parent":9,"menu_order":0,"comment_status":"closed","ping_status":"closed","template":"","meta":{"_themeisle_gutenberg_block_has_review":false,"footnotes":""},"class_list":["post-462","page","type-page","status-publish","hentry"],"_links":{"self":[{"href":"https:\/\/ttlgarment.com\/en\/wp-json\/wp\/v2\/pages\/462","targetHints":{"allow":["GET"]}}],"collection":[{"href":"https:\/\/ttlgarment.com\/en\/wp-json\/wp\/v2\/pages"}],"about":[{"href":"https:\/\/ttlgarment.com\/en\/wp-json\/wp\/v2\/types\/page"}],"author":[{"embeddable":true,"href":"https:\/\/ttlgarment.com\/en\/wp-json\/wp\/v2\/users\/1"}],"replies":[{"embeddable":true,"href":"https:\/\/ttlgarment.com\/en\/wp-json\/wp\/v2\/comments?post=462"}],"version-history":[{"count":0,"href":"https:\/\/ttlgarment.com\/en\/wp-json\/wp\/v2\/pages\/462\/revisions"}],"up":[{"embeddable":true,"href":"https:\/\/ttlgarment.com\/en\/wp-json\/wp\/v2\/pages\/9"}],"wp:attachment":[{"href":"https:\/\/ttlgarment.com\/en\/wp-json\/wp\/v2\/media?parent=462"}],"curies":[{"name":"wp","href":"https:\/\/api.w.org\/{rel}","templated":true}]}}