{"id":408,"date":"2016-01-07T09:31:53","date_gmt":"2016-01-07T09:31:53","guid":{"rendered":"http:\/\/consultall.stm\/?page_id=408"},"modified":"2016-01-07T09:31:53","modified_gmt":"2016-01-07T09:31:53","slug":"careers","status":"publish","type":"page","link":"https:\/\/ttlgarment.com\/en\/company-overview\/careers\/","title":{"rendered":"Careers"},"content":{"rendered":"<section class=\"wpb-content-wrapper\"><div class=\"vc_row wpb_row vc_row-fluid vc_custom_1459506339266\"><div class=\"wpb_column vc_column_container vc_col-sm-9\"><div class=\"vc_column-inner\"><div class=\"wpb_wrapper\">\n\t<div class=\"wpb_text_column wpb_content_element  vc_custom_1456121662065\" >\n\t\t<div class=\"wpb_wrapper\">\n\t\t\t<h2>careers<\/h2>\n<p>Consulting WP is the name of a collection of individuals who believe in excellence. We specialize in hiring people who have the drive to succeed and the will to implement the discipline required to succeed. We focus on nurturing our team and providing our team an environment that is conductive to creative thought. We focus on eliminating stress and pressure so our team can think clearly and creatively.<\/p>\n\n\t\t<\/div>\n\t<\/div>\n<div class=\"vc_tta-container\" data-vc-action=\"collapse\"><div class=\"vc_general vc_tta vc_tta-accordion vc_tta-color-grey vc_tta-style-classic vc_tta-shape-square vc_tta-o-shape-group vc_tta-controls-align-left vc_custom_1453467174989\"><div class=\"vc_tta-panels-container\"><div class=\"vc_tta-panels\"><div class=\"vc_tta-panel vc_active\" id=\"1452160548343-003e17f2-760d\" data-vc-content=\".vc_tta-panel-body\"><div class=\"vc_tta-panel-heading\"><h4 class=\"vc_tta-panel-title vc_tta-controls-icon-position-right\"><a href=\"#1452160548343-003e17f2-760d\" data-vc-accordion data-vc-container=\".vc_tta-container\"><span class=\"vc_tta-title-text\">What does Consulting WP do?<\/span><i class=\"vc_tta-controls-icon vc_tta-controls-icon-plus\"><\/i><\/a><\/h4><\/div><div class=\"vc_tta-panel-body\">\n\t<div class=\"wpb_text_column wpb_content_element\" >\n\t\t<div class=\"wpb_wrapper\">\n\t\t\t<p>When you work at Consulting WP, you get to be part of a team that is known for its performance. We are efficiency driven professionals who focus on the endgame.<\/p>\n\n\t\t<\/div>\n\t<\/div>\n<\/div><\/div><div class=\"vc_tta-panel\" id=\"1452160738660-5468e659-6776\" data-vc-content=\".vc_tta-panel-body\"><div class=\"vc_tta-panel-heading\"><h4 class=\"vc_tta-panel-title vc_tta-controls-icon-position-right\"><a href=\"#1452160738660-5468e659-6776\" data-vc-accordion data-vc-container=\".vc_tta-container\"><span class=\"vc_tta-title-text\">What industries do you specialize in?<\/span><i class=\"vc_tta-controls-icon vc_tta-controls-icon-plus\"><\/i><\/a><\/h4><\/div><div class=\"vc_tta-panel-body\">\n\t<div class=\"wpb_text_column wpb_content_element\" >\n\t\t<div class=\"wpb_wrapper\">\n\t\t\t<p>Consulting WP focuses not just on recruiting individuals that are performance oriented but also on developing them. To us it is important to ensure that our clients are satisfied and are being served with the care and respect they deserve.<\/p>\n\n\t\t<\/div>\n\t<\/div>\n<\/div><\/div><div class=\"vc_tta-panel\" id=\"1452160747001-6a933eea-21de\" data-vc-content=\".vc_tta-panel-body\"><div class=\"vc_tta-panel-heading\"><h4 class=\"vc_tta-panel-title vc_tta-controls-icon-position-right\"><a href=\"#1452160747001-6a933eea-21de\" data-vc-accordion data-vc-container=\".vc_tta-container\"><span class=\"vc_tta-title-text\">Can you help us raise money?<\/span><i class=\"vc_tta-controls-icon vc_tta-controls-icon-plus\"><\/i><\/a><\/h4><\/div><div class=\"vc_tta-panel-body\">\n\t<div class=\"wpb_text_column wpb_content_element\" >\n\t\t<div class=\"wpb_wrapper\">\n\t\t\t<p>Once we see the potential in someone and recruit them we ensure that they get an environment in which they can actually realize their potential. Stress and pressure are the enemies of productivity and creativity, we aim to decrease them as much as possible.<\/p>\n\n\t\t<\/div>\n\t<\/div>\n<\/div><\/div><\/div><\/div><\/div><\/div><div class=\"vc_row wpb_row vc_inner vc_row-fluid vc_custom_1453463400247\"><div class=\"wpb_column vc_column_container vc_col-sm-6\"><div class=\"vc_column-inner\"><div class=\"wpb_wrapper\">\n\t<div class=\"wpb_video_widget wpb_content_element\">\n\t\t<div class=\"wpb_wrapper\"><div class=\"wpb_video_wrapper\"><img loading=\"lazy\" decoding=\"async\" class=\"\" src=\"https:\/\/ttlgarment.com\/wp-content\/uploads\/2016\/06\/placeholder-540x320.gif\" width=\"540\" height=\"320\" alt=\"placeholder\" title=\"placeholder\" \/><a href=\"#\" class=\"play_video\"><\/a><div class=\"video\" style=\"display: none; width: 380px; height: 400px;\"><iframe src=\"https:\/\/www.youtube.com\/embed\/WkZnOS1ZDFM\" frameborder=\"0\" webkitallowfullscreen mozallowfullscreen allowfullscreen allow=\"autoplay\"><\/iframe><\/div><\/div>\n\t\t<\/div> \n\t<\/div> <\/div><\/div><\/div><div class=\"wpb_column vc_column_container vc_col-sm-6\"><div class=\"vc_column-inner\"><div class=\"wpb_wrapper\"><div class=\"vc_custom_heading no_stripe remove_padding vc_custom_1456308253291 text_align_left\" ><h4 style=\"color: #222222;text-align: left\" class=\"consulting-custom-title\">benefits and rewards<\/h4><\/div>\n\t<div class=\"wpb_text_column wpb_content_element\" >\n\t\t<div class=\"wpb_wrapper\">\n\t\t\t<p>We care for our clients&#8217; business as our business. We think and act like business partners, not academic advisors. We share our clients&#8217; aspirations, work to understand their reality, and align our incentives with their objectives \u2014 so they know we&#8217;re in this together.<\/p>\n<p>Personal impact, mentoring, and teamwork are just a few of the benefits of building a career at Consulting WP.<\/p>\n\n\t\t<\/div>\n\t<\/div>\n<\/div><\/div><\/div><\/div><div class=\"vc_custom_heading no_stripe vc_custom_1453463336899 text_align_left\" ><h4 style=\"color: #222222;text-align: left\" class=\"consulting-custom-title\">open positions<\/h4><\/div>    <div class=\"vacancy_table_wr style_1\">\n\n        \n            <table class=\"vacancy_table\" id=\"vacancy_table_1121442094\">\n                <thead>\n                <tr>\n                    <th data-no-translation=\"\" data-trp-gettext=\"\">Job Posting Title<\/th>\n                    <th class=\"location\" data-no-translation=\"\" data-trp-gettext=\"\">Location<\/th>\n                    <th data-no-translation=\"\" data-trp-gettext=\"\">Department<\/th>\n                    <th data-no-translation=\"\" data-trp-gettext=\"\">Date<\/th>\n                <\/tr>\n                <\/thead>\n                <tbody>\n\n                                    <tr>\n                        <td><a href=\"https:\/\/ttlgarment.com\/en\/careers_archive\/senior-industrial-planner-2\/\">Senior Industrial Planner<\/a><\/td>\n                        <td class=\"location\">Oak Ridge, TN, US<\/td>\n                        <td>Civil Construction<\/td>\n                        <td>8 November, 2019<\/td>\n                    <\/tr>\n                                    <tr>\n                        <td><a href=\"https:\/\/ttlgarment.com\/en\/careers_archive\/deputy-principal-construction-manager-2\/\">Deputy Principal Construction Manager<\/a><\/td>\n                        <td class=\"location\">Brooklyn, NY, US<\/td>\n                        <td>Project Management<\/td>\n                        <td>8 January, 2016<\/td>\n                    <\/tr>\n                                    <tr>\n                        <td><a href=\"https:\/\/ttlgarment.com\/en\/careers_archive\/senior-industrial-planner\/\">Senior Industrial Planner<\/a><\/td>\n                        <td class=\"location\">Oak Ridge, TN, US<\/td>\n                        <td>Civil Construction<\/td>\n                        <td>8 January, 2016<\/td>\n                    <\/tr>\n                                    <tr>\n                        <td><a href=\"https:\/\/ttlgarment.com\/en\/careers_archive\/senior-programme-manager\/\">Senior Programme Manager<\/a><\/td>\n                        <td class=\"location\">Houston, TX, US<\/td>\n                        <td>Project Management<\/td>\n                        <td>8 January, 2016<\/td>\n                    <\/tr>\n                                    <tr>\n                        <td><a href=\"https:\/\/ttlgarment.com\/en\/careers_archive\/deputy-principal-construction-manager\/\">Deputy Principal Construction Manager<\/a><\/td>\n                        <td class=\"location\">Toronto,Ontario, CA<\/td>\n                        <td>Project Management<\/td>\n                        <td>8 January, 2016<\/td>\n                    <\/tr>\n                                    <tr>\n                        <td><a href=\"https:\/\/ttlgarment.com\/en\/careers_archive\/flot-export-document-processing-agent\/\">Programme Engineering Manager<\/a><\/td>\n                        <td class=\"location\">Richland, WA, US<\/td>\n                        <td>Project Management<\/td>\n                        <td>7 January, 2016<\/td>\n                    <\/tr>\n                \n                <\/tbody>\n            <\/table>\n\n        \n        <script type=\"text\/javascript\">\n            jQuery(document).ready(function ($) {\n                $(\"#vacancy_table_1121442094\").tablesorter();\n            });\n        <\/script>\n    <\/div>\n<\/div><\/div><\/div><div class=\"wpb_column vc_column_container vc_col-sm-3\"><div class=\"vc_column-inner\"><div class=\"wpb_wrapper\">\n<div class=\"stm_sidebar\">\n\n            <style type=\"text\/css\" scoped>\n            .vc_custom_1451998133493{margin-bottom: 30px !important;}.vc_custom_1452056597103{margin-right: 0px !important;margin-bottom: 30px !important;margin-left: 0px !important;}.vc_custom_1452056633692{padding-top: 37px !important;padding-right: 30px !important;padding-bottom: 40px !important;padding-left: 30px !important;}.vc_custom_1663260943205{margin-bottom: 9px !important;}.vc_custom_1663260590108{margin-bottom: 17px !important;}.vc_custom_1663261221678{border-top-width: 2px !important;border-right-width: 2px !important;border-bottom-width: 2px !important;border-left-width: 2px !important;border-left-color: #097055 !important;border-left-style: solid !important;border-right-color: #097055 !important;border-right-style: solid !important;border-top-color: #097055 !important;border-top-style: solid !important;border-bottom-color: #097055 !important;border-bottom-style: solid !important;}        <\/style>\n        <section class=\"wpb-content-wrapper\"><div class=\"vc_row wpb_row vc_row-fluid vc_custom_1451998133493\"><div class=\"wpb_column vc_column_container vc_col-sm-12\"><div class=\"vc_column-inner\"><div class=\"wpb_wrapper\"><div class=\"vc_wp_custommenu wpb_content_element mb-30\"><\/div><\/div><\/div><\/div><\/div><div class=\"vc_row wpb_row vc_row-fluid third_bg_color vc_custom_1452056597103\"><div class=\"wpb_column vc_column_container vc_col-sm-12\"><div class=\"vc_column-inner vc_custom_1452056633692\"><div class=\"wpb_wrapper\"><div class=\"vc_custom_heading vc_custom_1663260943205 text_align_left\" ><div style=\"font-size: 16px;color: #222222;text-align: left;font-weight:700\" class=\"consulting-custom-title\">H\u1ee3p t\u00e1c c\u00f9ng ph\u00e1t tri\u1ec3n!<\/div><\/div>\n\t<div class=\"wpb_text_column wpb_content_element  vc_custom_1663260590108\" >\n\t\t<div class=\"wpb_wrapper\">\n\t\t\t<p><span style=\"font-size: 13px; line-height: 22px; color: #222222;\">Ch\u00fang t\u00f4i t\u1ef1 tin l\u00e0 nh\u00e0 s\u1ea3n xu\u1ea5t uy t\u00edn, mang l\u1ea1i gi\u00e1 tr\u1ecb \u0111a cho qu\u00fd kh\u00e1ch h\u00e0ng.<\/span><\/p>\n\n\t\t<\/div>\n\t<\/div>\n<div class=\"vc_btn3-container vc_btn3-inline vc_custom_1663261221678\" ><button class=\"vc_general vc_btn3 vc_btn3-size-sm vc_btn3-shape-rounded vc_btn3-style-flat vc_btn3-icon-left vc_btn3-color-theme_style_3\"><i class=\"vc_btn3-icon stm-right-arrow\"><\/i> Li\u00ean h\u1ec7<\/button><\/div><\/div><\/div><\/div><\/div><div class=\"vc_row wpb_row vc_row-fluid\"><div class=\"wpb_column vc_column_container vc_col-sm-12\"><div class=\"vc_column-inner\"><div class=\"wpb_wrapper\">\n\n\t\t\t<div class=\"stm_testimonials cols_1 style_1\">\n\t\t\t\t\t\t\t<div class=\"item\">\n\t\t\t\t\t<div class=\"testimonial\"><p>&#8220;S\u1ef1 h\u00e0i l\u00f2ng c\u1ee7a kh\u00e1ch h\u00e0ng l\u00e0 m\u1ee5c ti\u00eau, l\u00e0 th\u01b0\u1edbc \u0111o cho s\u1ef1 th\u00e0nh c\u00f4ng c\u1ee7a c\u00f4ng ty ch\u00fang t\u00f4i.&#8221;<\/p>\n<\/div>\n\t\t\t\t\t<div class=\"testimonial-info clearfix\">\n\t\t\t\t\t\t<div class=\"testimonial-image\"><img loading=\"lazy\" decoding=\"async\" width=\"50\" height=\"50\" src=\"https:\/\/ttlgarment.com\/wp-content\/uploads\/2016\/06\/placeholder-50x50.gif\" class=\"attachment-consulting-image-50x50-croped size-consulting-image-50x50-croped wp-post-image\" alt=\"placeholder\" srcset=\"https:\/\/ttlgarment.com\/wp-content\/uploads\/2016\/06\/placeholder-50x50.gif 50w, https:\/\/ttlgarment.com\/wp-content\/uploads\/2016\/06\/placeholder-300x300.gif 300w, https:\/\/ttlgarment.com\/wp-content\/uploads\/2016\/06\/placeholder-100x100.gif 100w, https:\/\/ttlgarment.com\/wp-content\/uploads\/2016\/06\/placeholder-150x150.gif 150w, https:\/\/ttlgarment.com\/wp-content\/uploads\/2016\/06\/placeholder-320x320.gif 320w\" sizes=\"auto, (max-width: 50px) 100vw, 50px\" \/><\/div>\n\t\t\t\t\t\t<div class=\"testimonial-text\">\n\t\t\t\t\t\t\t<div class=\"name\">Nguy\u1ec5n Thanh Long<\/div>\n\t\t\t\t\t\t\t<div class=\"company\">\n\t\t\t\t\t\t\tFounder &amp; CEO, TT&amp;L\t\t\t\t\t\t\t<\/div>\n\t\t\t\t\t\t<\/div>\n\t\t\t\t\t<\/div>\n\t\t\t\t<\/div>\n\t\t\t\t\t<\/div>\n\t\n\t<\/div><\/div><\/div><\/div>\n<\/section>    \n<\/div><\/div><\/div><\/div><\/div><div data-vc-full-width=\"true\" data-vc-full-width-init=\"false\" class=\"vc_row wpb_row vc_row-fluid third_bg_color vc_custom_1459505959648\"><div class=\"wpb_column vc_column_container vc_col-sm-12\"><div class=\"vc_column-inner\"><div class=\"wpb_wrapper\">\n<section class=\"vc_cta3-container\" >\n    <div class=\"vc_general vc_cta3 third_bg_color vc_cta3-style-flat vc_cta3-shape-square vc_cta3-align-left vc_cta3-color-classic vc_cta3-icon-size-md vc_cta3-actions-right vc_custom_1459505851233 style=\"\"\">\n                        <div class=\"vc_cta3_content-container\">\n                                    <div class=\"vc_cta3-content\">\n                <header class=\"vc_cta3-content-header\">\n                    <div class=\"vc_custom_heading\" ><h2 style=\"font-size: 20px;color: #ffffff;line-height: 24px\" class=\"consulting-custom-title\">Looking for a First-Class Business Plan Consultant?<\/h2><\/div>                                    <\/header>\n                            <\/div>\n                        <div class=\"vc_cta3-actions\"><div class=\"vc_btn3-container vc_btn3-right\" ><a class=\"vc_general vc_btn3 vc_btn3-size-md vc_btn3-shape-rounded vc_btn3-style-flat vc_btn3-icon-right vc_btn3-color-theme_style_2\" href=\"#\" title=\"\">get a quote <i class=\"vc_btn3-icon fa fa-chevron-right\"><\/i><\/a><\/div><\/div>        <\/div>\n                    <\/div>\n<\/section><\/div><\/div><\/div><\/div><div class=\"vc_row-full-width vc_clearfix\"><\/div>\n<\/section>","protected":false},"excerpt":{"rendered":"","protected":false},"author":1,"featured_media":0,"parent":9,"menu_order":0,"comment_status":"closed","ping_status":"closed","template":"","meta":{"_themeisle_gutenberg_block_has_review":false,"footnotes":""},"class_list":["post-408","page","type-page","status-publish","hentry"],"_links":{"self":[{"href":"https:\/\/ttlgarment.com\/en\/wp-json\/wp\/v2\/pages\/408","targetHints":{"allow":["GET"]}}],"collection":[{"href":"https:\/\/ttlgarment.com\/en\/wp-json\/wp\/v2\/pages"}],"about":[{"href":"https:\/\/ttlgarment.com\/en\/wp-json\/wp\/v2\/types\/page"}],"author":[{"embeddable":true,"href":"https:\/\/ttlgarment.com\/en\/wp-json\/wp\/v2\/users\/1"}],"replies":[{"embeddable":true,"href":"https:\/\/ttlgarment.com\/en\/wp-json\/wp\/v2\/comments?post=408"}],"version-history":[{"count":0,"href":"https:\/\/ttlgarment.com\/en\/wp-json\/wp\/v2\/pages\/408\/revisions"}],"up":[{"embeddable":true,"href":"https:\/\/ttlgarment.com\/en\/wp-json\/wp\/v2\/pages\/9"}],"wp:attachment":[{"href":"https:\/\/ttlgarment.com\/en\/wp-json\/wp\/v2\/media?parent=408"}],"curies":[{"name":"wp","href":"https:\/\/api.w.org\/{rel}","templated":true}]}}