{"id":377,"date":"2016-01-07T04:23:21","date_gmt":"2016-01-06T21:23:21","guid":{"rendered":"http:\/\/consultall.stm\/?page_id=377"},"modified":"2022-12-13T18:28:30","modified_gmt":"2022-12-13T11:28:30","slug":"company-history","status":"publish","type":"page","link":"https:\/\/ttlgarment.com\/en\/company-overview\/company-history\/","title":{"rendered":"Company history"},"content":{"rendered":"<section class=\"wpb-content-wrapper\"><div class=\"vc_row wpb_row vc_row-fluid vc_custom_1459505865030\"><div class=\"wpb_column vc_column_container vc_col-sm-9\"><div class=\"vc_column-inner\"><div class=\"wpb_wrapper\">\n\t<div  class=\"wpb_single_image wpb_content_element vc_align_left  vc_custom_1670931013592\">\n\t\t\n\t\t<figure class=\"wpb_wrapper vc_figure\">\n\t\t\t<div class=\"vc_single_image-wrapper   vc_box_border_grey\"><img loading=\"lazy\" decoding=\"async\" width=\"2560\" height=\"1472\" src=\"https:\/\/ttlgarment.com\/wp-content\/uploads\/2019\/09\/20221213_092857_sl1_c5-scaled.jpg\" class=\"vc_single_image-img attachment-full\" alt=\"\" title=\"20221213_092857_sl1_c5\" srcset=\"https:\/\/ttlgarment.com\/wp-content\/uploads\/2019\/09\/20221213_092857_sl1_c5-scaled.jpg 2560w, https:\/\/ttlgarment.com\/wp-content\/uploads\/2019\/09\/20221213_092857_sl1_c5-300x173.jpg 300w, https:\/\/ttlgarment.com\/wp-content\/uploads\/2019\/09\/20221213_092857_sl1_c5-1024x589.jpg 1024w, https:\/\/ttlgarment.com\/wp-content\/uploads\/2019\/09\/20221213_092857_sl1_c5-768x442.jpg 768w, https:\/\/ttlgarment.com\/wp-content\/uploads\/2019\/09\/20221213_092857_sl1_c5-1536x883.jpg 1536w, https:\/\/ttlgarment.com\/wp-content\/uploads\/2019\/09\/20221213_092857_sl1_c5-2048x1178.jpg 2048w, https:\/\/ttlgarment.com\/wp-content\/uploads\/2019\/09\/20221213_092857_sl1_c5-18x10.jpg 18w, https:\/\/ttlgarment.com\/wp-content\/uploads\/2019\/09\/20221213_092857_sl1_c5-900x518.jpg 900w, https:\/\/ttlgarment.com\/wp-content\/uploads\/2019\/09\/20221213_092857_sl1_c5-600x345.jpg 600w\" sizes=\"auto, (max-width: 2560px) 100vw, 2560px\" \/><\/div>\n\t\t<\/figure>\n\t<\/div>\n\n\t<div class=\"wpb_text_column wpb_content_element  vc_custom_1669966665226\" >\n\t\t<div class=\"wpb_wrapper\">\n\t\t\t<h2 style=\"text-align: justify;\">Company history<\/h2>\n<p style=\"text-align: justify;\"><strong>Over 20 years of production and business activities with many ups and downs and challenges, TT&amp;L has grown and developed with the country, becoming a prestigious, reliable and familiar brand with many customers around the world. We are very happy and proud to win the title of \"Vietnamese high-quality goods in accordance with standards\" in the field of hats.<\/strong><\/p>\n<p style=\"text-align: justify;\">My name is Nguyen Thanh Long, I established TT&amp;L Co., Ltd, formerly from Long Van Garment and Embroidery Co., Ltd. in 2003 after I graduated and graduated from school. With the concept of \"Innovation for the mission of existence and development of the company\", TT&amp;L is constantly innovating modern machinery and equipment, paying attention to building a sustainable long-term investment strategy in people, improving raise awareness and skills for all company employees. TT&amp;L meets all the strict needs of importers in many parts of the world such as USA, Canada, Germany, France, Spain, Italy, Netherlands, Finland, Sweden, Czech Republic, Japan, Singapore, Australia, New Zealand,\u2026.<\/p>\n<p style=\"text-align: justify;\">From the early years of establishment with the embroidery industry, we have gradually developed and until 2005, we specialized in manufacturing all kinds of fashionable and high quality hats in Vietnam such as hats, hats, hats, hats, hats, hats, hats, hats, hats. Sports hats, T-shirts, ... with designs such as computer embroidery, printing, transfer printing, sublimation printing, 3D printing, wash, stone wash, acid wash, color wash, ...<\/p>\n<p style=\"text-align: justify;\">We have achieved achievements on our development path such as:<\/p>\n\n\t\t<\/div>\n\t<\/div>\n\n<div class=\"company_history\">\n            <ul>\n            <li>\n\t<div class=\"year\">2013<\/div>\n\t<div class=\"sep\"><\/div>\n\t<div class=\"company_history_text\">\n\t\t<h4 class=\"no_stripe\"><\/h4>\n\t\t<p><strong>Achieved export turnover of 1 million USD.<\/strong><\/p>\n\t<\/div>\n<\/li><li>\n\t<div class=\"year\">2018<\/div>\n\t<div class=\"sep\"><\/div>\n\t<div class=\"company_history_text\">\n\t\t<h4 class=\"no_stripe\"><\/h4>\n\t\t<p><strong>Achieved export turnover of 2 million USD.<\/strong><\/p>\n\t<\/div>\n<\/li><li>\n\t<div class=\"year\">2021<\/div>\n\t<div class=\"sep\"><\/div>\n\t<div class=\"company_history_text\">\n\t\t<h4 class=\"no_stripe\"><\/h4>\n\t\t<p><strong>Achieved export turnover of 3 million USD.<\/strong><\/p>\n\t<\/div>\n<\/li>        <\/ul>\n    <\/div>\n\t<div class=\"wpb_text_column wpb_content_element  vc_custom_1669967216056\" >\n\t\t<div class=\"wpb_wrapper\">\n\t\t\t<p style=\"text-align: justify;\">In addition, TT&amp;L is near the center of Saigon, near the airport and seaport, so sea and air traffic is very convenient and fast.<\/p>\n<p style=\"text-align: justify;\">TT&amp;L Sewing and Embroidery Co., Ltd. is located about 15km from the center of Ho Chi Minh City and 10km from Tan Son Nhat Airport, so it is easy to welcome customers from the center of Ho Chi Minh City as well as from other countries to visit and visit. factory office.<\/p>\n<p style=\"text-align: justify;\">Coming to TT&amp;L Garment Embroidery Co., Ltd, customers can be assured of quality, design as well as price. This place is really not only a reliable address of domestic customers but also confirmed as a prestigious and top quality cap manufacturer in Vietnam.<\/p>\n\n\t\t<\/div>\n\t<\/div>\n<\/div><\/div><\/div><div class=\"wpb_column vc_column_container vc_col-sm-3\"><div class=\"vc_column-inner\"><div class=\"wpb_wrapper\"><\/div><\/div><\/div><\/div><div data-vc-full-width=\"true\" data-vc-full-width-init=\"false\" class=\"vc_row wpb_row vc_row-fluid third_bg_color vc_custom_1459505959648\"><div class=\"wpb_column vc_column_container vc_col-sm-12\"><div class=\"vc_column-inner\"><div class=\"wpb_wrapper\">\n<section class=\"vc_cta3-container\" >\n    <div class=\"vc_general vc_cta3 third_bg_color vc_cta3-style-flat vc_cta3-shape-square vc_cta3-align-left vc_cta3-color-classic vc_cta3-icon-size-md vc_cta3-actions-right vc_custom_1664631234590 style=\"\"\">\n                        <div class=\"vc_cta3_content-container\">\n                                    <div class=\"vc_cta3-content\">\n                <header class=\"vc_cta3-content-header\">\n                    <div class=\"vc_custom_heading text_align_center\" ><h2 style=\"font-size: 25px;color: #097055;line-height: 24px;text-align: center\" class=\"consulting-custom-title\">Want to find a best manufacturer?<\/h2><\/div>                                    <\/header>\n                            <\/div>\n                        <div class=\"vc_cta3-actions\"><div class=\"vc_btn3-container vc_btn3-right\" ><a class=\"vc_general vc_btn3 vc_btn3-size-md vc_btn3-shape-rounded vc_btn3-style-3d vc_btn3-icon-right vc_btn3-color-default\" href=\"#\" title=\"\">Cooperate <i class=\"vc_btn3-icon stm-circuit_big\"><\/i><\/a><\/div><\/div>        <\/div>\n                    <\/div>\n<\/section><\/div><\/div><\/div><\/div><div class=\"vc_row-full-width vc_clearfix\"><\/div>\n<\/section>","protected":false},"excerpt":{"rendered":"L\u1ecbch s\u1eed c\u00f4ng ty H\u01a1n 20 n\u0103m ho\u1ea1t \u0111\u1ed9ng s\u1ea3n xu\u1ea5t kinh doanh v\u1edbi nhi\u1ec1u th\u0103ng tr\u1ea7m v\u00e0 th\u1eed th\u00e1ch, \u0111\u1ebfn nay TT&amp;L \u0111\u00e3 l\u1edbn m\u1ea1nh v\u00e0 ph\u00e1t tri\u1ec3n c\u00f9ng \u0111\u1ea5t n\u01b0\u1edbc, tr\u1edf th\u00e0nh th\u01b0\u01a1ng hi\u1ec7u uy t\u00edn, tin c\u1eady v\u00e0 quen thu\u1ed9c v\u1edbi nhi\u1ec1u kh\u00e1ch h\u00e0ng tr\u00ean th\u1ebf gi\u1edbi. Ch\u00fang t\u00f4i r\u1ea5t vui v\u00e0","protected":false},"author":1,"featured_media":0,"parent":9,"menu_order":0,"comment_status":"closed","ping_status":"closed","template":"","meta":{"_themeisle_gutenberg_block_has_review":false,"footnotes":""},"class_list":["post-377","page","type-page","status-publish","hentry"],"_links":{"self":[{"href":"https:\/\/ttlgarment.com\/en\/wp-json\/wp\/v2\/pages\/377","targetHints":{"allow":["GET"]}}],"collection":[{"href":"https:\/\/ttlgarment.com\/en\/wp-json\/wp\/v2\/pages"}],"about":[{"href":"https:\/\/ttlgarment.com\/en\/wp-json\/wp\/v2\/types\/page"}],"author":[{"embeddable":true,"href":"https:\/\/ttlgarment.com\/en\/wp-json\/wp\/v2\/users\/1"}],"replies":[{"embeddable":true,"href":"https:\/\/ttlgarment.com\/en\/wp-json\/wp\/v2\/comments?post=377"}],"version-history":[{"count":16,"href":"https:\/\/ttlgarment.com\/en\/wp-json\/wp\/v2\/pages\/377\/revisions"}],"predecessor-version":[{"id":8720,"href":"https:\/\/ttlgarment.com\/en\/wp-json\/wp\/v2\/pages\/377\/revisions\/8720"}],"up":[{"embeddable":true,"href":"https:\/\/ttlgarment.com\/en\/wp-json\/wp\/v2\/pages\/9"}],"wp:attachment":[{"href":"https:\/\/ttlgarment.com\/en\/wp-json\/wp\/v2\/media?parent=377"}],"curies":[{"name":"wp","href":"https:\/\/api.w.org\/{rel}","templated":true}]}}